{"id":10225,"date":"2022-04-15T14:56:10","date_gmt":"2022-04-15T12:56:10","guid":{"rendered":"https:\/\/salzburgerheimatwerk.at\/produkt\/bio-baumwoll-satin-blau-tuerkis-braun-buntdruck\/"},"modified":"2026-04-28T18:16:52","modified_gmt":"2026-04-28T16:16:52","slug":"bio-baumwoll-satin-blau-tuerkis-braun-buntdruck","status":"publish","type":"product","link":"https:\/\/www.salzburgerheimatwerk.at\/en\/produkt\/bio-baumwoll-satin-blau-tuerkis-braun-buntdruck\/","title":{"rendered":"BIO-Baumwoll-Satin blau-t\u00fcrkis-braun Buntdruck"},"content":{"rendered":"<p>Dieser Bio-Baumwollstoff ist mit dem Global Organic Textile Standard (GOTS) Siegel &#8211; dem weltweit f\u00fchrenden Qualit\u00e4tslabel f\u00fcr Textilien aus biologisch erzeugten Naturfasern \u2013 ausgezeichnet und erf\u00fcllt somit strenge umwelttechnische Anforderungen und Sozialkriterien.<br \/>\nDer Stoff wird aus den Fasern der Baumwollpflanze gewonnen, hat einen k\u00fchlen, \u201ewolligen\u201c Griff und f\u00e4llt angenehm weich. Er wird in \u00d6sterreich eingef\u00e4rbt und mit traditionellen Mustern bedruckt. <\/p>\n<p>Eigenschaften<br \/>\n&#8211; weich und hautfreundlich<br \/>\n&#8211; feuchtigkeitsregulierend<br \/>\n&#8211; rei\u00dffest und strapazierf\u00e4hig<\/p>\n<p>Eignung<br \/>\nIdeal f\u00fcr Dirndlr\u00f6cke- und sch\u00fcrzen, R\u00f6cke und Kleider.<\/p>\n","protected":false},"excerpt":{"rendered":"<p>Dieser Bio-Baumwollstoff ist mit dem Global Organic Textile Standard (GOTS) Siegel &#8211; dem weltweit f\u00fchrenden Qualit\u00e4tslabel f\u00fcr Textilien aus biologisch erzeugten Naturfasern \u2013 ausgezeichnet&#8230;<\/p>\n","protected":false},"featured_media":288084,"template":"","meta":{"_acf_changed":false},"product_brand":[],"product_cat":[37,192],"product_tag":[741],"class_list":{"0":"post-10225","1":"product","2":"type-product","3":"status-publish","4":"has-post-thumbnail","6":"pricegroup-165","7":"pricegroup-428","8":"productgroup-429","9":"productgroup-173","10":"product_cat-stoffe","11":"product_cat-trachtenstoffe","12":"product_tag-bio-bw-satin-blau-tuerkis-braun-wiese","13":"pa_farbe-braun","14":"pa_farbe-mehrfarbig","15":"pa_farbe-blau","16":"pa_farbe-tuerkis","17":"pa_stoffbreite-150-cm","18":"pa_zertifizierung-gots","20":"first","21":"instock","22":"taxable","23":"shipping-taxable","24":"purchasable","25":"product-type-simple"},"acf":[],"jetpack_sharing_enabled":true,"_links":{"self":[{"href":"https:\/\/www.salzburgerheimatwerk.at\/en\/wp-json\/wp\/v2\/product\/10225","targetHints":{"allow":["GET"]}}],"collection":[{"href":"https:\/\/www.salzburgerheimatwerk.at\/en\/wp-json\/wp\/v2\/product"}],"about":[{"href":"https:\/\/www.salzburgerheimatwerk.at\/en\/wp-json\/wp\/v2\/types\/product"}],"wp:featuredmedia":[{"embeddable":true,"href":"https:\/\/www.salzburgerheimatwerk.at\/en\/wp-json\/wp\/v2\/media\/288084"}],"wp:attachment":[{"href":"https:\/\/www.salzburgerheimatwerk.at\/en\/wp-json\/wp\/v2\/media?parent=10225"}],"wp:term":[{"taxonomy":"product_brand","embeddable":true,"href":"https:\/\/www.salzburgerheimatwerk.at\/en\/wp-json\/wp\/v2\/product_brand?post=10225"},{"taxonomy":"product_cat","embeddable":true,"href":"https:\/\/www.salzburgerheimatwerk.at\/en\/wp-json\/wp\/v2\/product_cat?post=10225"},{"taxonomy":"product_tag","embeddable":true,"href":"https:\/\/www.salzburgerheimatwerk.at\/en\/wp-json\/wp\/v2\/product_tag?post=10225"}],"curies":[{"name":"wp","href":"https:\/\/api.w.org\/{rel}","templated":true}]}}