{"id":103282,"date":"2022-07-05T08:54:50","date_gmt":"2022-07-05T06:54:50","guid":{"rendered":"https:\/\/www.salzburgerheimatwerk.at\/produkt\/handgestrickte-stutzen-blau-2\/"},"modified":"2026-04-28T18:19:09","modified_gmt":"2026-04-28T16:19:09","slug":"handgestrickte-stutzen-blau-2","status":"publish","type":"product","link":"https:\/\/www.salzburgerheimatwerk.at\/en\/produkt\/handgestrickte-stutzen-blau-2\/","title":{"rendered":"handgestrickte Stutzen blau"},"content":{"rendered":"<p>Mit diesem St\u00fcck Handwerk halten Sie ein Unikat in H\u00e4nden. Es wurde mti zwei oder mehr Nadeln in traditioneller Handarbeit sorgf\u00e4ltig hergestellt. Dabei kommen alte Techniken und Muster zum Einsatz, die aus dem gesamten Alpenraum \u00fcberliefert sind. Es wird hochwertige Strumpfwolle verwendet, die strapazierf\u00e4hig ist und im Wollwaschgang gewaschen werden kann. Gegional und nachhaltig produziert! In verschiedenen Farben erh\u00e4ltlich.<\/p>\n","protected":false},"excerpt":{"rendered":"<p>Mit diesem St\u00fcck Handwerk halten Sie ein Unikat in H\u00e4nden. Es wurde mti zwei oder mehr Nadeln in traditioneller Handarbeit sorgf\u00e4ltig hergestellt. Dabei kommen&#8230;<\/p>\n","protected":false},"featured_media":343037,"template":"","meta":{"_acf_changed":false},"product_brand":[],"product_cat":[59,65,66],"product_tag":[891,1085,1086],"class_list":{"0":"post-103282","1":"product","2":"type-product","3":"status-publish","4":"has-post-thumbnail","6":"pricegroup-886","7":"pricegroup-166","8":"productgroup-887","9":"productgroup-174","10":"product_cat-herrentracht","11":"product_cat-accessoires-2","12":"product_cat-schuhe-stutzen","13":"product_tag-herrenstutzen","14":"product_tag-75schurwolle","15":"product_tag-25polyamid-handgestrickte-modelstutzen-aus-bayern-wandenkeil","16":"pa_farbe-blau","17":"pa_von-hand-gemacht-ja","19":"first","20":"instock","21":"taxable","22":"shipping-taxable","23":"purchasable","24":"product-type-variable","25":"has-default-attributes"},"acf":[],"jetpack_sharing_enabled":true,"_links":{"self":[{"href":"https:\/\/www.salzburgerheimatwerk.at\/en\/wp-json\/wp\/v2\/product\/103282","targetHints":{"allow":["GET"]}}],"collection":[{"href":"https:\/\/www.salzburgerheimatwerk.at\/en\/wp-json\/wp\/v2\/product"}],"about":[{"href":"https:\/\/www.salzburgerheimatwerk.at\/en\/wp-json\/wp\/v2\/types\/product"}],"wp:featuredmedia":[{"embeddable":true,"href":"https:\/\/www.salzburgerheimatwerk.at\/en\/wp-json\/wp\/v2\/media\/343037"}],"wp:attachment":[{"href":"https:\/\/www.salzburgerheimatwerk.at\/en\/wp-json\/wp\/v2\/media?parent=103282"}],"wp:term":[{"taxonomy":"product_brand","embeddable":true,"href":"https:\/\/www.salzburgerheimatwerk.at\/en\/wp-json\/wp\/v2\/product_brand?post=103282"},{"taxonomy":"product_cat","embeddable":true,"href":"https:\/\/www.salzburgerheimatwerk.at\/en\/wp-json\/wp\/v2\/product_cat?post=103282"},{"taxonomy":"product_tag","embeddable":true,"href":"https:\/\/www.salzburgerheimatwerk.at\/en\/wp-json\/wp\/v2\/product_tag?post=103282"}],"curies":[{"name":"wp","href":"https:\/\/api.w.org\/{rel}","templated":true}]}}