{"id":10635,"date":"2022-04-15T15:00:56","date_gmt":"2022-04-15T13:00:56","guid":{"rendered":"https:\/\/salzburgerheimatwerk.at\/produkt\/baumwoll-satin-taupe-paisley\/"},"modified":"2026-04-28T18:18:37","modified_gmt":"2026-04-28T16:18:37","slug":"baumwoll-satin-taupe-paisley","status":"publish","type":"product","link":"https:\/\/www.salzburgerheimatwerk.at\/en\/produkt\/baumwoll-satin-taupe-paisley\/","title":{"rendered":"Baumwoll-Satin taupe  Paisley"},"content":{"rendered":"<p>Dieser Baumwollstoff wird aus den Fasern der Baumwollpflanze gewonnen, hat einen k\u00fchlen, \u201ewolligen\u201c Griff und f\u00e4llt angenehm weich. Er wird in \u00d6sterreich eingef\u00e4rbt und mit traditionellen Modelmustern im Direktdruckverfahren veredelt. Paisley-Muster sind durch ihre Farbvielfallt besonders gut kombinierbar.<\/p>\n<p>Eigenschaften<br \/>\n&#8211; weich und hautfreundlich<br \/>\n&#8211; feuchtigkeitsregulierend<br \/>\n&#8211; rei\u00dffest und strapazierf\u00e4hig<\/p>\n<p>Eignung<br \/>\nIdeal f\u00fcr Dirndlr\u00f6cke- und sch\u00fcrzen, R\u00f6cke und Kleider.<\/p>\n","protected":false},"excerpt":{"rendered":"<p>Dieser Baumwollstoff wird aus den Fasern der Baumwollpflanze gewonnen, hat einen k\u00fchlen, \u201ewolligen\u201c Griff und f\u00e4llt angenehm weich. Er wird in \u00d6sterreich eingef\u00e4rbt und&#8230;<\/p>\n","protected":false},"featured_media":288479,"template":"","meta":{"_acf_changed":false},"product_brand":[],"product_cat":[37],"product_tag":[959],"class_list":{"0":"post-10635","1":"product","2":"type-product","3":"status-publish","4":"has-post-thumbnail","6":"pricegroup-428","7":"pricegroup-165","8":"productgroup-429","9":"productgroup-173","10":"product_cat-stoffe","11":"product_tag-bw-satin-taupe-paisley","12":"pa_farbe-beige","13":"pa_stoffbreite-150-cm","14":"pa_zertifizierung-oeko-tex","16":"first","17":"instock","18":"taxable","19":"shipping-taxable","20":"purchasable","21":"product-type-simple"},"acf":[],"jetpack_sharing_enabled":true,"_links":{"self":[{"href":"https:\/\/www.salzburgerheimatwerk.at\/en\/wp-json\/wp\/v2\/product\/10635","targetHints":{"allow":["GET"]}}],"collection":[{"href":"https:\/\/www.salzburgerheimatwerk.at\/en\/wp-json\/wp\/v2\/product"}],"about":[{"href":"https:\/\/www.salzburgerheimatwerk.at\/en\/wp-json\/wp\/v2\/types\/product"}],"wp:featuredmedia":[{"embeddable":true,"href":"https:\/\/www.salzburgerheimatwerk.at\/en\/wp-json\/wp\/v2\/media\/288479"}],"wp:attachment":[{"href":"https:\/\/www.salzburgerheimatwerk.at\/en\/wp-json\/wp\/v2\/media?parent=10635"}],"wp:term":[{"taxonomy":"product_brand","embeddable":true,"href":"https:\/\/www.salzburgerheimatwerk.at\/en\/wp-json\/wp\/v2\/product_brand?post=10635"},{"taxonomy":"product_cat","embeddable":true,"href":"https:\/\/www.salzburgerheimatwerk.at\/en\/wp-json\/wp\/v2\/product_cat?post=10635"},{"taxonomy":"product_tag","embeddable":true,"href":"https:\/\/www.salzburgerheimatwerk.at\/en\/wp-json\/wp\/v2\/product_tag?post=10635"}],"curies":[{"name":"wp","href":"https:\/\/api.w.org\/{rel}","templated":true}]}}