{"id":11183,"date":"2022-04-15T14:52:11","date_gmt":"2022-04-15T12:52:11","guid":{"rendered":"https:\/\/salzburgerheimatwerk.at\/produkt\/hirschlederhose-mit-gruener-stickerrei\/"},"modified":"2026-04-28T18:17:11","modified_gmt":"2026-04-28T16:17:11","slug":"hirschlederhose-mit-gruener-stickerrei","status":"publish","type":"product","link":"https:\/\/www.salzburgerheimatwerk.at\/en\/produkt\/hirschlederhose-mit-gruener-stickerrei\/","title":{"rendered":"Hirschlederhose mit gr\u00fcner Stickerei"},"content":{"rendered":"<p>Kurze Herren-Lederhose aus s\u00e4misch gegerbtem Leder mit gr\u00fcner Stickerei. <\/p>\n<p>Diese traditionelle Lederhose aus s\u00e4misch gegerbtem Hirschleder pr\u00e4sentiert sich mit klassischen gr\u00fcnen Stickereien an Latz, Messertasche und Hosentr\u00e4ger. Die Knopfleisten an den Beinenden sowie der Latz sind mit echten Hirschhornkn\u00f6pfen versehen.<\/p>\n<p>Zwei vordere Eingrifftaschen<br \/>\nAbkn\u00f6pfbarer, verstellbarer bestickter Hosentr\u00e4ger aus Leder<br \/>\nG\u00fcrtelschlaufen<\/p>\n","protected":false},"excerpt":{"rendered":"<p>Kurze Herren-Lederhose aus s\u00e4misch gegerbtem Leder mit gr\u00fcner Stickerei.   Diese traditionelle Lederhose aus s\u00e4misch gegerbtem Hirschleder pr\u00e4sentiert sich mit klassischen gr\u00fcnen Stickereien&#8230;<\/p>\n","protected":false},"featured_media":342868,"template":"","meta":{"_acf_changed":false},"product_brand":[],"product_cat":[59,178],"product_tag":[197,179,180,181,182,183,184,185],"class_list":{"0":"post-11183","1":"product","2":"type-product","3":"status-publish","4":"has-post-thumbnail","6":"pricegroup-166","7":"pricegroup-168","8":"productgroup-174","9":"productgroup-176","10":"product_cat-herrentracht","11":"product_cat-hosen","12":"product_tag-hirschlederhose","13":"product_tag-tellernaht","14":"product_tag-stickkerei-in-natur","15":"product_tag-hirschhornkn","16":"product_tag-messertasche","17":"product_tag-mit-hosentraeger","18":"product_tag-guertelschlaufen","19":"product_tag-saemisch-gegerbtes-leder","20":"pa_farbe-braun","22":"first","23":"instock","24":"taxable","25":"shipping-taxable","26":"purchasable","27":"product-type-variable","28":"has-default-attributes"},"acf":[],"jetpack_sharing_enabled":true,"_links":{"self":[{"href":"https:\/\/www.salzburgerheimatwerk.at\/en\/wp-json\/wp\/v2\/product\/11183","targetHints":{"allow":["GET"]}}],"collection":[{"href":"https:\/\/www.salzburgerheimatwerk.at\/en\/wp-json\/wp\/v2\/product"}],"about":[{"href":"https:\/\/www.salzburgerheimatwerk.at\/en\/wp-json\/wp\/v2\/types\/product"}],"wp:featuredmedia":[{"embeddable":true,"href":"https:\/\/www.salzburgerheimatwerk.at\/en\/wp-json\/wp\/v2\/media\/342868"}],"wp:attachment":[{"href":"https:\/\/www.salzburgerheimatwerk.at\/en\/wp-json\/wp\/v2\/media?parent=11183"}],"wp:term":[{"taxonomy":"product_brand","embeddable":true,"href":"https:\/\/www.salzburgerheimatwerk.at\/en\/wp-json\/wp\/v2\/product_brand?post=11183"},{"taxonomy":"product_cat","embeddable":true,"href":"https:\/\/www.salzburgerheimatwerk.at\/en\/wp-json\/wp\/v2\/product_cat?post=11183"},{"taxonomy":"product_tag","embeddable":true,"href":"https:\/\/www.salzburgerheimatwerk.at\/en\/wp-json\/wp\/v2\/product_tag?post=11183"}],"curies":[{"name":"wp","href":"https:\/\/api.w.org\/{rel}","templated":true}]}}