{"id":11246,"date":"2022-04-15T15:02:52","date_gmt":"2022-04-15T13:02:52","guid":{"rendered":"https:\/\/salzburgerheimatwerk.at\/produkt\/guertel-gruen\/"},"modified":"2025-08-04T06:20:39","modified_gmt":"2025-08-04T04:20:39","slug":"guertel-gruen","status":"publish","type":"product","link":"https:\/\/www.salzburgerheimatwerk.at\/en\/produkt\/guertel-gruen\/","title":{"rendered":"G\u00fcrtel mehrf\u00e4rbig"},"content":{"rendered":"<p>Bindeg\u00fcrtel in verschiedenen Farben erh\u00e4ltlich mit hochwertigem Kordel-Ende. One Size Webband in trendigen Designs.<\/p>\n","protected":false},"excerpt":{"rendered":"<p>Bindeg\u00fcrtel in verschiedenen Farben erh\u00e4ltlich mit hochwertigem Kordel-Ende. One Size Webband in trendigen&#8230;<\/p>\n","protected":false},"featured_media":343116,"template":"","meta":{"_acf_changed":false},"product_brand":[],"product_cat":[48,57],"product_tag":[1094,1095,1096],"class_list":{"0":"post-11246","1":"product","2":"type-product","3":"status-publish","4":"has-post-thumbnail","6":"pricegroup-202","7":"pricegroup-322","8":"productgroup-204","9":"productgroup-323","10":"product_cat-damentracht","11":"product_cat-accessoires","12":"product_tag-mit-metallanhaenger","13":"product_tag-gewebte-borte","14":"product_tag-bindeguertel","15":"pa_farbe-mehrfarbig","17":"first","18":"instock","19":"taxable","20":"shipping-taxable","21":"purchasable","22":"product-type-simple"},"acf":[],"jetpack_sharing_enabled":true,"_links":{"self":[{"href":"https:\/\/www.salzburgerheimatwerk.at\/en\/wp-json\/wp\/v2\/product\/11246","targetHints":{"allow":["GET"]}}],"collection":[{"href":"https:\/\/www.salzburgerheimatwerk.at\/en\/wp-json\/wp\/v2\/product"}],"about":[{"href":"https:\/\/www.salzburgerheimatwerk.at\/en\/wp-json\/wp\/v2\/types\/product"}],"wp:featuredmedia":[{"embeddable":true,"href":"https:\/\/www.salzburgerheimatwerk.at\/en\/wp-json\/wp\/v2\/media\/343116"}],"wp:attachment":[{"href":"https:\/\/www.salzburgerheimatwerk.at\/en\/wp-json\/wp\/v2\/media?parent=11246"}],"wp:term":[{"taxonomy":"product_brand","embeddable":true,"href":"https:\/\/www.salzburgerheimatwerk.at\/en\/wp-json\/wp\/v2\/product_brand?post=11246"},{"taxonomy":"product_cat","embeddable":true,"href":"https:\/\/www.salzburgerheimatwerk.at\/en\/wp-json\/wp\/v2\/product_cat?post=11246"},{"taxonomy":"product_tag","embeddable":true,"href":"https:\/\/www.salzburgerheimatwerk.at\/en\/wp-json\/wp\/v2\/product_tag?post=11246"}],"curies":[{"name":"wp","href":"https:\/\/api.w.org\/{rel}","templated":true}]}}