{"id":121641,"date":"2022-07-19T10:00:05","date_gmt":"2022-07-19T08:00:05","guid":{"rendered":"https:\/\/www.salzburgerheimatwerk.at\/produkt\/strohhut-damen-mit-masche\/"},"modified":"2024-11-21T07:16:29","modified_gmt":"2024-11-21T06:16:29","slug":"strohhut-damen-mit-masche","status":"publish","type":"product","link":"https:\/\/www.salzburgerheimatwerk.at\/en\/produkt\/strohhut-damen-mit-masche\/","title":{"rendered":"Damen Strohhut mit Masche"},"content":{"rendered":"<p>Wunderbarer Strohhut aus der Hutmanufaktur in Bad Ischl. Jeder Hut wird individuell angefertigt. R\u00fcckw\u00e4rts ziert eine Masche den Hut. One Size &#8211; M\u00f6glichkeit einer Kork Einlage.<\/p>\n","protected":false},"excerpt":{"rendered":"<p>Wunderbarer Strohhut aus der Hutmanufaktur in Bad Ischl. Jeder Hut wird individuell angefertigt. R\u00fcckw\u00e4rts ziert eine Masche den Hut. One Size &#8211; M\u00f6glichkeit einer&#8230;<\/p>\n","protected":false},"featured_media":327759,"template":"","meta":{"_acf_changed":false},"product_brand":[],"product_cat":[48,57],"product_tag":[1081],"class_list":{"0":"post-121641","1":"product","2":"type-product","3":"status-publish","4":"has-post-thumbnail","6":"pricegroup-367","7":"pricegroup-166","8":"productgroup-174","9":"productgroup-368","10":"product_cat-damentracht","11":"product_cat-accessoires","12":"product_tag-strohhut","13":"pa_farbe-braun","14":"pa_farbe-oliv","15":"pa_farbe-mehrfarbig","16":"pa_farbe-gruen","17":"pa_farbe-lila","19":"first","20":"instock","21":"taxable","22":"shipping-taxable","23":"purchasable","24":"product-type-simple"},"acf":[],"jetpack_sharing_enabled":true,"_links":{"self":[{"href":"https:\/\/www.salzburgerheimatwerk.at\/en\/wp-json\/wp\/v2\/product\/121641","targetHints":{"allow":["GET"]}}],"collection":[{"href":"https:\/\/www.salzburgerheimatwerk.at\/en\/wp-json\/wp\/v2\/product"}],"about":[{"href":"https:\/\/www.salzburgerheimatwerk.at\/en\/wp-json\/wp\/v2\/types\/product"}],"wp:featuredmedia":[{"embeddable":true,"href":"https:\/\/www.salzburgerheimatwerk.at\/en\/wp-json\/wp\/v2\/media\/327759"}],"wp:attachment":[{"href":"https:\/\/www.salzburgerheimatwerk.at\/en\/wp-json\/wp\/v2\/media?parent=121641"}],"wp:term":[{"taxonomy":"product_brand","embeddable":true,"href":"https:\/\/www.salzburgerheimatwerk.at\/en\/wp-json\/wp\/v2\/product_brand?post=121641"},{"taxonomy":"product_cat","embeddable":true,"href":"https:\/\/www.salzburgerheimatwerk.at\/en\/wp-json\/wp\/v2\/product_cat?post=121641"},{"taxonomy":"product_tag","embeddable":true,"href":"https:\/\/www.salzburgerheimatwerk.at\/en\/wp-json\/wp\/v2\/product_tag?post=121641"}],"curies":[{"name":"wp","href":"https:\/\/api.w.org\/{rel}","templated":true}]}}