{"id":12321,"date":"2022-04-15T14:50:06","date_gmt":"2022-04-15T12:50:06","guid":{"rendered":"https:\/\/salzburgerheimatwerk.at\/produkt\/dvd-salzburger-adventsingen-2012sonst-bliebe-es-ein-traum\/"},"modified":"2026-04-28T21:16:09","modified_gmt":"2026-04-28T19:16:09","slug":"dvd-salzburger-adventsingen-2012sonst-bliebe-es-ein-traum","status":"publish","type":"product","link":"https:\/\/www.salzburgerheimatwerk.at\/en\/produkt\/dvd-salzburger-adventsingen-2012sonst-bliebe-es-ein-traum\/","title":{"rendered":"DVD Salzburger Adventsingen 2012<br>&#8220;Sonst bliebe es ein Traum&#8221;"},"content":{"rendered":"<p>Im Kontext mit biblischen \u00dcberlieferungen und zeitgem\u00e4\u00dfer Metaphorik wird das adventliche Geschehen allj\u00e4hrlich aus einer neuen Perspektive betrachtet. Der reiche Schatz an \u00fcberlieferten Volksliedern und -weisen f\u00fcgt sich mit neuem kompositorischen Schaffen und szenischen Handlungen zu einem einzigartigen, harmonischen Ganzen.<\/p>\n<p>Zur Inszenierung von &#8220;Sonst bliebe es ein Traum&#8221;:<br \/>\nIn sieben Traumbildern erlebt ein kleines Kind mit seiner Gro\u00dfmutter die adventlichen Begebenheiten auf ganz besondere Weise. Nur mit einem wei\u00dfen Nachthemd bekleidet folgt er seinem Stern der Verhei\u00dfung und erlebt im Traum hautnah die Ereignisse um Maria und Josef. Sogar seine Gro\u00dfmutter ist, verwandelt in die Prophetin Hanna mit dabei.<\/p>\n<p>Wie ein unsichtbarer Geist folgt er dem Geschehen, der g\u00f6ttlichen Botschaft an Maria, dem beschwerlichen Weg \u00fcbers Gebirge, der freudigen Botschaft an die Hirtenschar bis hin zum glanzvollen Gloria, bei dem er unter lauten Halleluja-Rufen erwacht und seiner Gro\u00dfmutter von diesem wundersch\u00f6nen Traum erz\u00e4hlt.  Ein &#8220;Fremder&#8221; wird zum verbindenden Element der adventlichen Geschichte zur Gegenwart. Vom Schicksal gepr\u00e4gt und verbittert, findet er letzlich doch noch ein Licht der Hoffnung in seines Daseins Dunkel.<\/p>\n<p>Spieldauer: 110min<br \/>\nSprache: Deutsch<br \/>\nTonformat: Stereo<br \/>\nBildformat: 16:9<\/p>\n","protected":false},"excerpt":{"rendered":"<p>Im Kontext mit biblischen \u00dcberlieferungen und zeitgem\u00e4\u00dfer Metaphorik wird das adventliche Geschehen allj\u00e4hrlich aus einer neuen Perspektive betrachtet. Der reiche Schatz an \u00fcberlieferten Volksliedern&#8230;<\/p>\n","protected":false},"featured_media":287605,"template":"","meta":{"_acf_changed":false},"product_brand":[],"product_cat":[1218,1263],"product_tag":[1190],"class_list":{"0":"post-12321","1":"product","2":"type-product","3":"status-publish","4":"has-post-thumbnail","6":"pricegroup-1171","7":"pricegroup-1188","8":"productgroup-1173","9":"productgroup-1189","10":"product_cat-buecher-cds","11":"product_cat-cds-buecher-cds","12":"product_tag-dvd-salzburger-adventsingen-2012-sonst-bliebe-es-ein-traum","14":"first","15":"instock","16":"taxable","17":"shipping-taxable","18":"purchasable","19":"product-type-simple"},"acf":[],"jetpack_sharing_enabled":true,"_links":{"self":[{"href":"https:\/\/www.salzburgerheimatwerk.at\/en\/wp-json\/wp\/v2\/product\/12321","targetHints":{"allow":["GET"]}}],"collection":[{"href":"https:\/\/www.salzburgerheimatwerk.at\/en\/wp-json\/wp\/v2\/product"}],"about":[{"href":"https:\/\/www.salzburgerheimatwerk.at\/en\/wp-json\/wp\/v2\/types\/product"}],"wp:featuredmedia":[{"embeddable":true,"href":"https:\/\/www.salzburgerheimatwerk.at\/en\/wp-json\/wp\/v2\/media\/287605"}],"wp:attachment":[{"href":"https:\/\/www.salzburgerheimatwerk.at\/en\/wp-json\/wp\/v2\/media?parent=12321"}],"wp:term":[{"taxonomy":"product_brand","embeddable":true,"href":"https:\/\/www.salzburgerheimatwerk.at\/en\/wp-json\/wp\/v2\/product_brand?post=12321"},{"taxonomy":"product_cat","embeddable":true,"href":"https:\/\/www.salzburgerheimatwerk.at\/en\/wp-json\/wp\/v2\/product_cat?post=12321"},{"taxonomy":"product_tag","embeddable":true,"href":"https:\/\/www.salzburgerheimatwerk.at\/en\/wp-json\/wp\/v2\/product_tag?post=12321"}],"curies":[{"name":"wp","href":"https:\/\/api.w.org\/{rel}","templated":true}]}}