{"id":12324,"date":"2022-04-15T14:58:01","date_gmt":"2022-04-15T12:58:01","guid":{"rendered":"https:\/\/salzburgerheimatwerk.at\/produkt\/cd-alpenlaendische-lieder-und-weisendie-ersten-25\/"},"modified":"2026-04-28T18:16:09","modified_gmt":"2026-04-28T16:16:09","slug":"cd-alpenlaendische-lieder-und-weisendie-ersten-25","status":"publish","type":"product","link":"https:\/\/www.salzburgerheimatwerk.at\/en\/produkt\/cd-alpenlaendische-lieder-und-weisendie-ersten-25\/","title":{"rendered":"CD Alpenl\u00e4ndische Lieder und Weisen<br>&#8220;Die ersten 25&#8221;"},"content":{"rendered":"<p>Im Jahr 1960, vor mittlerweile mehr als einem halben Jahrhundert hat der Gr\u00fcnder und langj\u00e4hrige Leiter vom Salzburger Adventsingen, Tobi Reiser d. \u00c4. (1907-1974) mit dem Notenkonvolut Die ersten 25 begonnen, die sch\u00f6nsten seiner volksmusikalischen Perlen zu dokumentieren. Die zweiten 25 folgten im Jahr 1965 und Die dritten 25 im Jahr 1971.<br \/>\nZur Ver\u00f6ffentlichung der Die vierten und letzten 25 kam es durch sein Ableben im Jahr 1974 nicht mehr.<\/p>\n<p>In Anlehnung und Erinnerung an diese l\u00e4ngst vergriffene Notenedition Reisers beginnen wir mit diesen Die ersten 25 eine Dokumentation der sch\u00f6nsten Lieder und Weisen von Salzburger Adventsingen vergangener Jahre. Zahlreiche, auf der B\u00fchne und im Orchestergraben des Gro\u00dfen Festspielhauses pr\u00e4sente Ensembles bringen dabei die vielf\u00e4ltige adventliche Musizier- und Gesangstradition des alpenl\u00e4ndischen Kulturraumes zum Klingen. <\/p>\n<p>Auf diesem Tontr\u00e4ger, dem weitere folgen, nimmt die Musik von Tobi Reiser einen besonderen Stellenwert ein. Die Noten seiner 25 werden durch neue Generationen von Musikantinnen und Musikanten zum Klingen gebracht, lebendig, dynamisch, ganz wie zu Reisers Zeiten.<\/p>\n<p>CD: 25 Titel<br \/>\nSpieldauer: 46min<\/p>\n","protected":false},"excerpt":{"rendered":"<p>Im Jahr 1960, vor mittlerweile mehr als einem halben Jahrhundert hat der Gr\u00fcnder und langj\u00e4hrige Leiter vom Salzburger Adventsingen, Tobi Reiser d. \u00c4. (1907-1974)&#8230;<\/p>\n","protected":false},"featured_media":287619,"template":"","meta":{"_acf_changed":false},"product_brand":[],"product_cat":[1218,1263],"product_tag":[1196,1197],"class_list":{"0":"post-12324","1":"product","2":"type-product","3":"status-publish","4":"has-post-thumbnail","6":"pricegroup-1171","7":"pricegroup-1172","8":"productgroup-1173","9":"productgroup-1174","10":"product_cat-buecher-cds","11":"product_cat-cds-buecher-cds","12":"product_tag-alpenlaendische-lieder-und-weisen-vom-salzburger-adventsingen-im-grossen-festspielhaus","13":"product_tag-die-ersten-25","15":"first","16":"instock","17":"taxable","18":"shipping-taxable","19":"purchasable","20":"product-type-simple"},"acf":[],"jetpack_sharing_enabled":true,"_links":{"self":[{"href":"https:\/\/www.salzburgerheimatwerk.at\/en\/wp-json\/wp\/v2\/product\/12324","targetHints":{"allow":["GET"]}}],"collection":[{"href":"https:\/\/www.salzburgerheimatwerk.at\/en\/wp-json\/wp\/v2\/product"}],"about":[{"href":"https:\/\/www.salzburgerheimatwerk.at\/en\/wp-json\/wp\/v2\/types\/product"}],"wp:featuredmedia":[{"embeddable":true,"href":"https:\/\/www.salzburgerheimatwerk.at\/en\/wp-json\/wp\/v2\/media\/287619"}],"wp:attachment":[{"href":"https:\/\/www.salzburgerheimatwerk.at\/en\/wp-json\/wp\/v2\/media?parent=12324"}],"wp:term":[{"taxonomy":"product_brand","embeddable":true,"href":"https:\/\/www.salzburgerheimatwerk.at\/en\/wp-json\/wp\/v2\/product_brand?post=12324"},{"taxonomy":"product_cat","embeddable":true,"href":"https:\/\/www.salzburgerheimatwerk.at\/en\/wp-json\/wp\/v2\/product_cat?post=12324"},{"taxonomy":"product_tag","embeddable":true,"href":"https:\/\/www.salzburgerheimatwerk.at\/en\/wp-json\/wp\/v2\/product_tag?post=12324"}],"curies":[{"name":"wp","href":"https:\/\/api.w.org\/{rel}","templated":true}]}}