{"id":12326,"date":"2022-04-15T14:56:07","date_gmt":"2022-04-15T12:56:07","guid":{"rendered":"https:\/\/salzburgerheimatwerk.at\/produkt\/cd-alpenlaendische-lieder-und-weisendie-dritten-25\/"},"modified":"2026-04-28T19:16:17","modified_gmt":"2026-04-28T17:16:17","slug":"cd-alpenlaendische-lieder-und-weisendie-dritten-25","status":"publish","type":"product","link":"https:\/\/www.salzburgerheimatwerk.at\/en\/produkt\/cd-alpenlaendische-lieder-und-weisendie-dritten-25\/","title":{"rendered":"CD Alpenl\u00e4ndische Lieder und Weisen<br>&#8220;Die dritten 25&#8221;"},"content":{"rendered":"<p>Das Salzburger Adventsingen hat seit Anbeginn nichts an Faszination eingeb\u00fc\u00dft. In absehbarer Zeit werden zwei Millionen G\u00e4ste dieses adventliche Mysterium um die Geburt Christi im Gro\u00dfen Festspielhaus besucht haben. Qualit\u00e4t, Kontinuit\u00e4t und Stabilit\u00e4t genie\u00dfen bei dieser Wiege aller Adventsingen einen besonderen Stellenwert. Den besten Beweis f\u00fcr die Stabilit\u00e4t dieser fast 75-j\u00e4hrigen Erfolgsgeschichte liefern die nur drei Gesamtleiter Tobi Reiser (1946-1973), Tobias Reiser (1974-1999) und Hans K\u00f6hl (seit 2000), die f\u00fcr traditionsreiche, sich dennoch behutsam weiterentwickelnde Inszenierungen verantwortlich zeichnen.<\/p>\n<p>Was w\u00e4re jedoch ein Intendant ohne die zahlreichen, sich in dem vielgliedrigen R\u00e4derwerk einf\u00fcgenden Mitwirkenden? Ihnen allen, von k\u00fcnstlerisch schaffenden \u00fcber sich leidenschaftlich darbietenden und elektronisch wie technisch perfekten Kr\u00e4ften geb\u00fchrt ein gro\u00dfer Respekt und Dank. Sie alle sind Teil der einzigartigen Erfolgsgeschichte Salzburger Adventsingen.<br \/>\nUnsere Volkslieder und die Volksmusik sind ein unverzichtbarer Bestandteil, ja ein besonderes Wesensmerkmal des Salzburger Adventsingen.<\/p>\n<p>Die drittten 25 bringen liebgewordene Lieder und Weisen vergangener Adventsingen in Erinnerung. Sie bringen einen Schatz regionaler Kultur zum Klingen, der von Generation zu Generation weitergegeben wird, an dem sich auch k\u00fcnftige Generationen erfreuen werden.<\/p>\n<p>CD: 25 Titel<br \/>\nSpieldauer: 49min<\/p>\n","protected":false},"excerpt":{"rendered":"<p>Das Salzburger Adventsingen hat seit Anbeginn nichts an Faszination eingeb\u00fc\u00dft. In absehbarer Zeit werden zwei Millionen G\u00e4ste dieses adventliche Mysterium um die Geburt Christi&#8230;<\/p>\n","protected":false},"featured_media":287623,"template":"","meta":{"_acf_changed":false},"product_brand":[],"product_cat":[1218,1263],"product_tag":[1198,1200],"class_list":{"0":"post-12326","1":"product","2":"type-product","3":"status-publish","4":"has-post-thumbnail","6":"pricegroup-1171","7":"pricegroup-1172","8":"productgroup-1173","9":"productgroup-1174","10":"product_cat-buecher-cds","11":"product_cat-cds-buecher-cds","12":"product_tag-alpenlaendische-lieder-und-weisen-vom-salzburger-adventsingen","13":"product_tag-die-dritten-25","15":"first","16":"instock","17":"taxable","18":"shipping-taxable","19":"purchasable","20":"product-type-simple"},"acf":[],"jetpack_sharing_enabled":true,"_links":{"self":[{"href":"https:\/\/www.salzburgerheimatwerk.at\/en\/wp-json\/wp\/v2\/product\/12326","targetHints":{"allow":["GET"]}}],"collection":[{"href":"https:\/\/www.salzburgerheimatwerk.at\/en\/wp-json\/wp\/v2\/product"}],"about":[{"href":"https:\/\/www.salzburgerheimatwerk.at\/en\/wp-json\/wp\/v2\/types\/product"}],"wp:featuredmedia":[{"embeddable":true,"href":"https:\/\/www.salzburgerheimatwerk.at\/en\/wp-json\/wp\/v2\/media\/287623"}],"wp:attachment":[{"href":"https:\/\/www.salzburgerheimatwerk.at\/en\/wp-json\/wp\/v2\/media?parent=12326"}],"wp:term":[{"taxonomy":"product_brand","embeddable":true,"href":"https:\/\/www.salzburgerheimatwerk.at\/en\/wp-json\/wp\/v2\/product_brand?post=12326"},{"taxonomy":"product_cat","embeddable":true,"href":"https:\/\/www.salzburgerheimatwerk.at\/en\/wp-json\/wp\/v2\/product_cat?post=12326"},{"taxonomy":"product_tag","embeddable":true,"href":"https:\/\/www.salzburgerheimatwerk.at\/en\/wp-json\/wp\/v2\/product_tag?post=12326"}],"curies":[{"name":"wp","href":"https:\/\/api.w.org\/{rel}","templated":true}]}}