{"id":12338,"date":"2022-04-15T15:01:21","date_gmt":"2022-04-15T13:01:21","guid":{"rendered":"https:\/\/salzburgerheimatwerk.at\/produkt\/dvd-salzburger-adventsingen-2021fuerchte-dich-nicht\/"},"modified":"2026-04-28T21:18:25","modified_gmt":"2026-04-28T19:18:25","slug":"dvd-salzburger-adventsingen-2021fuerchte-dich-nicht","status":"publish","type":"product","link":"https:\/\/www.salzburgerheimatwerk.at\/en\/produkt\/dvd-salzburger-adventsingen-2021fuerchte-dich-nicht\/","title":{"rendered":"DVD Salzburger Adventsingen 2021<br>&#8220;F\u00fcrchte dich nicht&#8221;"},"content":{"rendered":"<p>Dieses Salzburger Jubil\u00e4ums-Adventsingen f\u00fchrt uns gedanklich zur\u00fcck in die Zeit vor Christi Geburt und betrachtet das adventliche Geschehen um Maria und Josef aus j\u00fcdischer Perspektive mit einer ganz neuen, ber\u00fchrenden szenischen Darstellung von Hans K\u00f6hl. Die gef\u00fchlvollen kompositorischen Kl\u00e4nge von Shane Woodborne harmonieren wunderbar mit den alpenl\u00e4ndischen Liedern und Weisen, dargeboten von besten Ensembles dieses Genres.<br \/>\nDiese DVD konnte noch kurz vor dem Corona-Lockdown im Advent 2021 w\u00e4hrend der Probenphase produziert werden und ist somit ein einzigartiges Zeit-Dokument, denn alle 17 Auff\u00fchrungen mit Publikum im Gro\u00dfen Festspielhaus konnten nicht stattfinden.<\/p>\n<p>Spieldauer: ca.95 Minuten<br \/>\nSprache: Deutsch<br \/>\nTonformat: Stereo<br \/>\nBildformat: 16:9<\/p>\n","protected":false},"excerpt":{"rendered":"<p>Dieses Salzburger Jubil\u00e4ums-Adventsingen f\u00fchrt uns gedanklich zur\u00fcck in die Zeit vor Christi Geburt und betrachtet das adventliche Geschehen um Maria und Josef aus j\u00fcdischer&#8230;<\/p>\n","protected":false},"featured_media":288554,"template":"","meta":{"_acf_changed":false},"product_brand":[],"product_cat":[1263,1218],"product_tag":[1215,1216],"class_list":{"0":"post-12338","1":"product","2":"type-product","3":"status-publish","4":"has-post-thumbnail","6":"pricegroup-1171","7":"pricegroup-1188","8":"productgroup-1173","9":"productgroup-1189","10":"product_cat-cds-buecher-cds","11":"product_cat-buecher-cds","12":"product_tag-fuerchte-dich-nicht-75-jahre-salzburger-adventsingen-aufzeichung-aus-dem-grossen-festspielhaus","13":"product_tag-dvd-salzburger-adventsingen-2021-fuerchte-dich-nicht","15":"first","16":"instock","17":"taxable","18":"shipping-taxable","19":"purchasable","20":"product-type-simple"},"acf":[],"jetpack_sharing_enabled":true,"_links":{"self":[{"href":"https:\/\/www.salzburgerheimatwerk.at\/en\/wp-json\/wp\/v2\/product\/12338","targetHints":{"allow":["GET"]}}],"collection":[{"href":"https:\/\/www.salzburgerheimatwerk.at\/en\/wp-json\/wp\/v2\/product"}],"about":[{"href":"https:\/\/www.salzburgerheimatwerk.at\/en\/wp-json\/wp\/v2\/types\/product"}],"wp:featuredmedia":[{"embeddable":true,"href":"https:\/\/www.salzburgerheimatwerk.at\/en\/wp-json\/wp\/v2\/media\/288554"}],"wp:attachment":[{"href":"https:\/\/www.salzburgerheimatwerk.at\/en\/wp-json\/wp\/v2\/media?parent=12338"}],"wp:term":[{"taxonomy":"product_brand","embeddable":true,"href":"https:\/\/www.salzburgerheimatwerk.at\/en\/wp-json\/wp\/v2\/product_brand?post=12338"},{"taxonomy":"product_cat","embeddable":true,"href":"https:\/\/www.salzburgerheimatwerk.at\/en\/wp-json\/wp\/v2\/product_cat?post=12338"},{"taxonomy":"product_tag","embeddable":true,"href":"https:\/\/www.salzburgerheimatwerk.at\/en\/wp-json\/wp\/v2\/product_tag?post=12338"}],"curies":[{"name":"wp","href":"https:\/\/api.w.org\/{rel}","templated":true}]}}