{"id":12701,"date":"2022-04-15T14:50:12","date_gmt":"2022-04-15T12:50:12","guid":{"rendered":"https:\/\/salzburgerheimatwerk.at\/produkt\/eleganter-herrenschuh-schwarz\/"},"modified":"2026-04-28T22:17:09","modified_gmt":"2026-04-28T20:17:09","slug":"eleganter-herrenschuh-schwarz","status":"publish","type":"product","link":"https:\/\/www.salzburgerheimatwerk.at\/en\/produkt\/eleganter-herrenschuh-schwarz\/","title":{"rendered":"eleganter Herrenschuh schwarz"},"content":{"rendered":"<p>Eleganter schwarzer Leder Herrenschuh f\u00fcr besondere Anl\u00e4sse. Ledersohle und Rahmengen\u00e4hter Budapester.<\/p>\n","protected":false},"excerpt":{"rendered":"<p>Eleganter schwarzer Leder Herrenschuh f\u00fcr besondere Anl\u00e4sse. Ledersohle und Rahmengen\u00e4hter&#8230;<\/p>\n","protected":false},"featured_media":342852,"template":"","meta":{"_acf_changed":false},"product_brand":[],"product_cat":[59,66],"product_tag":[1264,1265,1266,1267],"class_list":{"0":"post-12701","1":"product","2":"type-product","3":"status-publish","4":"has-post-thumbnail","6":"pricegroup-166","7":"pricegroup-621","8":"productgroup-174","9":"productgroup-622","10":"product_cat-herrentracht","11":"product_cat-schuhe-stutzen","12":"product_tag-kalbleder","13":"product_tag-lederdoppelsohle","14":"product_tag-https-laszlo-budapest-com-schuhe-julian-kalbleder-schwarz-lederdoppelsohle","15":"product_tag-herrenschuh","16":"pa_farbe-schwarz","18":"first","19":"instock","20":"taxable","21":"shipping-taxable","22":"purchasable","23":"product-type-variable","24":"has-default-attributes"},"acf":[],"jetpack_sharing_enabled":true,"_links":{"self":[{"href":"https:\/\/www.salzburgerheimatwerk.at\/en\/wp-json\/wp\/v2\/product\/12701","targetHints":{"allow":["GET"]}}],"collection":[{"href":"https:\/\/www.salzburgerheimatwerk.at\/en\/wp-json\/wp\/v2\/product"}],"about":[{"href":"https:\/\/www.salzburgerheimatwerk.at\/en\/wp-json\/wp\/v2\/types\/product"}],"wp:featuredmedia":[{"embeddable":true,"href":"https:\/\/www.salzburgerheimatwerk.at\/en\/wp-json\/wp\/v2\/media\/342852"}],"wp:attachment":[{"href":"https:\/\/www.salzburgerheimatwerk.at\/en\/wp-json\/wp\/v2\/media?parent=12701"}],"wp:term":[{"taxonomy":"product_brand","embeddable":true,"href":"https:\/\/www.salzburgerheimatwerk.at\/en\/wp-json\/wp\/v2\/product_brand?post=12701"},{"taxonomy":"product_cat","embeddable":true,"href":"https:\/\/www.salzburgerheimatwerk.at\/en\/wp-json\/wp\/v2\/product_cat?post=12701"},{"taxonomy":"product_tag","embeddable":true,"href":"https:\/\/www.salzburgerheimatwerk.at\/en\/wp-json\/wp\/v2\/product_tag?post=12701"}],"curies":[{"name":"wp","href":"https:\/\/api.w.org\/{rel}","templated":true}]}}