{"id":12888,"date":"2022-04-15T15:05:00","date_gmt":"2022-04-15T13:05:00","guid":{"rendered":"https:\/\/salzburgerheimatwerk.at\/produkt\/strickjacke-mit-schoesserl\/"},"modified":"2026-04-28T20:19:11","modified_gmt":"2026-04-28T18:19:11","slug":"strickjacke-mit-schoesserl","status":"publish","type":"product","link":"https:\/\/www.salzburgerheimatwerk.at\/en\/produkt\/strickjacke-mit-schoesserl\/","title":{"rendered":"Strickjacke mit Sch\u00f6sserl"},"content":{"rendered":"<p>Entz\u00fcckende Dirndl Strickjacke in eisblau. Die Strickjacke wurde h\u00e4ndisch im dazu passendem hellgrau umh\u00e4kelt.<\/p>\n<p>100 % Merinowolle<br \/>\nRunder Halsausschnitt<br \/>\n2 Taschen an der Vorderseite<br \/>\nHandgearbeitete Einfasssungen an Voderkante, Taschen und Halsausschnitt<br \/>\nSch\u00f6\u00dfchen am R\u00fccken<\/p>\n","protected":false},"excerpt":{"rendered":"<p>Entz\u00fcckende Dirndl Strickjacke in eisblau. Die Strickjacke wurde h\u00e4ndisch im dazu passendem hellgrau umh\u00e4kelt.  100 % Merinowolle Runder Halsausschnitt 2 Taschen an der&#8230;<\/p>\n","protected":false},"featured_media":325046,"template":"","meta":{"_acf_changed":false},"product_brand":[],"product_cat":[48,53],"product_tag":[237],"class_list":{"0":"post-12888","1":"product","2":"type-product","3":"status-publish","4":"has-post-thumbnail","6":"pricegroup-232","7":"pricegroup-202","8":"productgroup-233","9":"productgroup-204","10":"product_cat-damentracht","11":"product_cat-strick-walk","12":"product_tag-strickjacke","13":"pa_eigenmarke-ja","14":"pa_farbe-blau","16":"first","17":"instock","18":"taxable","19":"shipping-taxable","20":"purchasable","21":"product-type-variable","22":"has-default-attributes"},"acf":[],"jetpack_sharing_enabled":true,"_links":{"self":[{"href":"https:\/\/www.salzburgerheimatwerk.at\/en\/wp-json\/wp\/v2\/product\/12888","targetHints":{"allow":["GET"]}}],"collection":[{"href":"https:\/\/www.salzburgerheimatwerk.at\/en\/wp-json\/wp\/v2\/product"}],"about":[{"href":"https:\/\/www.salzburgerheimatwerk.at\/en\/wp-json\/wp\/v2\/types\/product"}],"wp:featuredmedia":[{"embeddable":true,"href":"https:\/\/www.salzburgerheimatwerk.at\/en\/wp-json\/wp\/v2\/media\/325046"}],"wp:attachment":[{"href":"https:\/\/www.salzburgerheimatwerk.at\/en\/wp-json\/wp\/v2\/media?parent=12888"}],"wp:term":[{"taxonomy":"product_brand","embeddable":true,"href":"https:\/\/www.salzburgerheimatwerk.at\/en\/wp-json\/wp\/v2\/product_brand?post=12888"},{"taxonomy":"product_cat","embeddable":true,"href":"https:\/\/www.salzburgerheimatwerk.at\/en\/wp-json\/wp\/v2\/product_cat?post=12888"},{"taxonomy":"product_tag","embeddable":true,"href":"https:\/\/www.salzburgerheimatwerk.at\/en\/wp-json\/wp\/v2\/product_tag?post=12888"}],"curies":[{"name":"wp","href":"https:\/\/api.w.org\/{rel}","templated":true}]}}