{"id":13048,"date":"2022-04-15T15:06:40","date_gmt":"2022-04-15T13:06:40","guid":{"rendered":"https:\/\/salzburgerheimatwerk.at\/produkt\/13048\/"},"modified":"2022-11-22T09:36:10","modified_gmt":"2022-11-22T08:36:10","slug":"heimatwerktaler","status":"publish","type":"product","link":"https:\/\/www.salzburgerheimatwerk.at\/en\/produkt\/heimatwerktaler\/","title":{"rendered":"Heimatwerktaler"},"content":{"rendered":"<p>Schenken Sie Stil und Lebensfreude. Eine Truhe voller Sch\u00e4tze!<br \/>\nOb zum Geburtstag, zu kirchlichen Feiertagen wie der Taufe, Erstkommunion, Firmung oder auch als Weihnachtsgeschenk  \u2013 mit den Gutscheinm\u00fcnzen vom Salzburger Heimatwerk liegen Sie immer goldrichtig. Die gl\u00e4nzenden Taler sind klimpernde Sch\u00e4tze von bleibendem Wert.<\/p>\n","protected":false},"excerpt":{"rendered":"<p>Schenken Sie Stil und Lebensfreude. Eine Truhe voller Sch\u00e4tze! Ob zum Geburtstag, zu kirchlichen Feiertagen wie der Taufe, Erstkommunion, Firmung oder auch als Weihnachtsgeschenk&#8230;<\/p>\n","protected":false},"featured_media":289301,"template":"","meta":{"_acf_changed":false},"product_brand":[],"product_cat":[85],"product_tag":[1313,1314,1315,1311,1312],"class_list":{"0":"post-13048","1":"product","2":"type-product","3":"status-publish","4":"has-post-thumbnail","6":"pricegroup-1307","7":"pricegroup-1308","8":"productgroup-1309","9":"productgroup-1310","10":"product_cat-gutscheinmuenzen","11":"product_tag-geburtstag","12":"product_tag-geschenk","13":"product_tag-taler","14":"product_tag-heimatwerktaler","15":"product_tag-schenken-sie-stil-und-lebensfreude","17":"first","18":"instock","19":"taxable","20":"shipping-taxable","21":"purchasable","22":"product-type-simple"},"acf":[],"jetpack_sharing_enabled":true,"_links":{"self":[{"href":"https:\/\/www.salzburgerheimatwerk.at\/en\/wp-json\/wp\/v2\/product\/13048","targetHints":{"allow":["GET"]}}],"collection":[{"href":"https:\/\/www.salzburgerheimatwerk.at\/en\/wp-json\/wp\/v2\/product"}],"about":[{"href":"https:\/\/www.salzburgerheimatwerk.at\/en\/wp-json\/wp\/v2\/types\/product"}],"wp:featuredmedia":[{"embeddable":true,"href":"https:\/\/www.salzburgerheimatwerk.at\/en\/wp-json\/wp\/v2\/media\/289301"}],"wp:attachment":[{"href":"https:\/\/www.salzburgerheimatwerk.at\/en\/wp-json\/wp\/v2\/media?parent=13048"}],"wp:term":[{"taxonomy":"product_brand","embeddable":true,"href":"https:\/\/www.salzburgerheimatwerk.at\/en\/wp-json\/wp\/v2\/product_brand?post=13048"},{"taxonomy":"product_cat","embeddable":true,"href":"https:\/\/www.salzburgerheimatwerk.at\/en\/wp-json\/wp\/v2\/product_cat?post=13048"},{"taxonomy":"product_tag","embeddable":true,"href":"https:\/\/www.salzburgerheimatwerk.at\/en\/wp-json\/wp\/v2\/product_tag?post=13048"}],"curies":[{"name":"wp","href":"https:\/\/api.w.org\/{rel}","templated":true}]}}