{"id":176696,"date":"2022-09-08T09:48:56","date_gmt":"2022-09-08T07:48:56","guid":{"rendered":"https:\/\/www.salzburgerheimatwerk.at\/produkt\/trendiges-cape-oversized\/"},"modified":"2026-04-28T18:21:11","modified_gmt":"2026-04-28T16:21:11","slug":"trendiges-cape-oversized","status":"publish","type":"product","link":"https:\/\/www.salzburgerheimatwerk.at\/en\/produkt\/trendiges-cape-oversized\/","title":{"rendered":"trendiges Cape oversized"},"content":{"rendered":"<p>Cape im trendigen Karomuster mit Hemdkragen in weiter Oversized-Passform und durchgekn\u00f6pft. Die \u00c4rmelabschl\u00fcsse sind mit Schlitz und gekn\u00f6pften B\u00fcndchen gen\u00e4ht.<\/p>\n","protected":false},"excerpt":{"rendered":"<p>Cape im trendigen Karomuster mit Hemdkragen in weiter Oversized-Passform und durchgekn\u00f6pft. Die \u00c4rmelabschl\u00fcsse sind mit Schlitz und gekn\u00f6pften B\u00fcndchen&#8230;<\/p>\n","protected":false},"featured_media":325207,"template":"","meta":{"_acf_changed":false},"product_brand":[],"product_cat":[48,304,1220],"product_tag":[1500],"class_list":{"0":"post-176696","1":"product","2":"type-product","3":"status-publish","4":"has-post-thumbnail","6":"pricegroup-265","7":"pricegroup-202","8":"productgroup-266","9":"productgroup-204","10":"product_cat-damentracht","11":"product_cat-jacken-maentel-damentracht","12":"product_cat-sale","13":"product_tag-cape","14":"pa_farbe-beige","15":"pa_farbe-braun","16":"pa_farbe-grau","18":"first","19":"instock","20":"sale","21":"taxable","22":"shipping-taxable","23":"purchasable","24":"product-type-variable","25":"has-default-attributes"},"acf":[],"jetpack_sharing_enabled":true,"_links":{"self":[{"href":"https:\/\/www.salzburgerheimatwerk.at\/en\/wp-json\/wp\/v2\/product\/176696","targetHints":{"allow":["GET"]}}],"collection":[{"href":"https:\/\/www.salzburgerheimatwerk.at\/en\/wp-json\/wp\/v2\/product"}],"about":[{"href":"https:\/\/www.salzburgerheimatwerk.at\/en\/wp-json\/wp\/v2\/types\/product"}],"wp:featuredmedia":[{"embeddable":true,"href":"https:\/\/www.salzburgerheimatwerk.at\/en\/wp-json\/wp\/v2\/media\/325207"}],"wp:attachment":[{"href":"https:\/\/www.salzburgerheimatwerk.at\/en\/wp-json\/wp\/v2\/media?parent=176696"}],"wp:term":[{"taxonomy":"product_brand","embeddable":true,"href":"https:\/\/www.salzburgerheimatwerk.at\/en\/wp-json\/wp\/v2\/product_brand?post=176696"},{"taxonomy":"product_cat","embeddable":true,"href":"https:\/\/www.salzburgerheimatwerk.at\/en\/wp-json\/wp\/v2\/product_cat?post=176696"},{"taxonomy":"product_tag","embeddable":true,"href":"https:\/\/www.salzburgerheimatwerk.at\/en\/wp-json\/wp\/v2\/product_tag?post=176696"}],"curies":[{"name":"wp","href":"https:\/\/api.w.org\/{rel}","templated":true}]}}