{"id":184846,"date":"2022-09-14T09:44:57","date_gmt":"2022-09-14T07:44:57","guid":{"rendered":"https:\/\/www.salzburgerheimatwerk.at\/produkt\/dirndl-mona\/"},"modified":"2026-04-28T18:21:11","modified_gmt":"2026-04-28T16:21:11","slug":"dirndl-mona","status":"publish","type":"product","link":"https:\/\/www.salzburgerheimatwerk.at\/en\/produkt\/dirndl-mona\/","title":{"rendered":"Heimatwerk Dirndl Mona"},"content":{"rendered":"<p>Mit diesem Dirndl sind Sie immer perfekt gekleidet. Das Lodenoberteil wurde im Miederschnitt gefertigt, herrlicher Rock aus feinem Wolle-Seide Gemisch in Falten gelegt, Seidensch\u00fcrze gr\u00fcn. L\u00e4nge ca. 80cm<\/p>\n","protected":false},"excerpt":{"rendered":"<p>Mit diesem Dirndl sind Sie immer perfekt gekleidet. Das Lodenoberteil wurde im Miederschnitt gefertigt, herrlicher Rock aus feinem Wolle-Seide Gemisch in Falten gelegt, Seidensch\u00fcrze&#8230;<\/p>\n","protected":false},"featured_media":329304,"template":"","meta":{"_acf_changed":false},"product_brand":[],"product_cat":[1220,48,49],"product_tag":[1501],"class_list":{"0":"post-184846","1":"product","2":"type-product","3":"status-publish","4":"has-post-thumbnail","6":"pricegroup-312","7":"pricegroup-202","8":"productgroup-313","9":"productgroup-204","10":"product_cat-sale","11":"product_cat-damentracht","12":"product_cat-dirndl-kleider","13":"product_tag-dirndl-mona","14":"pa_farbe-oliv","15":"pa_farbe-orange","16":"pa_farbe-mehrfarbig","17":"pa_von-hand-gemacht-ja","19":"first","20":"instock","21":"sale","22":"taxable","23":"shipping-taxable","24":"purchasable","25":"product-type-variable","26":"has-default-attributes"},"acf":[],"jetpack_sharing_enabled":true,"_links":{"self":[{"href":"https:\/\/www.salzburgerheimatwerk.at\/en\/wp-json\/wp\/v2\/product\/184846","targetHints":{"allow":["GET"]}}],"collection":[{"href":"https:\/\/www.salzburgerheimatwerk.at\/en\/wp-json\/wp\/v2\/product"}],"about":[{"href":"https:\/\/www.salzburgerheimatwerk.at\/en\/wp-json\/wp\/v2\/types\/product"}],"wp:featuredmedia":[{"embeddable":true,"href":"https:\/\/www.salzburgerheimatwerk.at\/en\/wp-json\/wp\/v2\/media\/329304"}],"wp:attachment":[{"href":"https:\/\/www.salzburgerheimatwerk.at\/en\/wp-json\/wp\/v2\/media?parent=184846"}],"wp:term":[{"taxonomy":"product_brand","embeddable":true,"href":"https:\/\/www.salzburgerheimatwerk.at\/en\/wp-json\/wp\/v2\/product_brand?post=184846"},{"taxonomy":"product_cat","embeddable":true,"href":"https:\/\/www.salzburgerheimatwerk.at\/en\/wp-json\/wp\/v2\/product_cat?post=184846"},{"taxonomy":"product_tag","embeddable":true,"href":"https:\/\/www.salzburgerheimatwerk.at\/en\/wp-json\/wp\/v2\/product_tag?post=184846"}],"curies":[{"name":"wp","href":"https:\/\/api.w.org\/{rel}","templated":true}]}}