{"id":205524,"date":"2022-09-29T09:42:03","date_gmt":"2022-09-29T07:42:03","guid":{"rendered":"https:\/\/www.salzburgerheimatwerk.at\/produkt\/eau-de-parfum-graugeflammt-20ml\/"},"modified":"2026-04-28T14:30:13","modified_gmt":"2026-04-28T12:30:13","slug":"eau-de-parfum-graugeflammt-20ml","status":"publish","type":"product","link":"https:\/\/www.salzburgerheimatwerk.at\/en\/produkt\/eau-de-parfum-graugeflammt-20ml\/","title":{"rendered":"Eau de Parfum &#8220;Graugeflammt&#8221; 20ml"},"content":{"rendered":"<p>W\u00e4rme, Geborgenheit und Sinnlichkeit wechseln sich ab mit dem trabenden Herzschlag \u00f6sterreichischer St\u00e4dte. Dort, wo Kunst, Kultur und Geschichte zusammentreffen, wo sich Menschen begegnen und sich etwas zu erz\u00e4hlen haben. Wo pers\u00f6nlicher Austausch stattfindet und uns daran erinnert, dass es die Menschen sind, die die Stadt zum Leben erwecken.<\/p>\n<p>Duftkomposition:<br \/>\nKopfnote: Schwarzer Pfeffer, Sonnenblume, Maigl\u00f6ckchen<br \/>\nHerznote: Heliotrop, Dunkle H\u00f6lzer, Amber<br \/>\nBasisnote: Oude, Vanille, Moschus, Sandelholz<\/p>\n<p>R\u00fccknahme nur in unge\u00f6ffneter Originalverpackung und unbesch\u00e4digten Siegel-Aufkleber<\/p>\n","protected":false},"excerpt":{"rendered":"<p>W\u00e4rme, Geborgenheit und Sinnlichkeit wechseln sich ab mit dem trabenden Herzschlag \u00f6sterreichischer St\u00e4dte. Dort, wo Kunst, Kultur und Geschichte zusammentreffen, wo sich Menschen begegnen&#8230;<\/p>\n","protected":false},"featured_media":294059,"template":"","meta":{"_acf_changed":false},"product_brand":[],"product_cat":[48,57],"product_tag":[1541],"class_list":{"0":"post-205524","1":"product","2":"type-product","3":"status-publish","4":"has-post-thumbnail","6":"pricegroup-1111","7":"pricegroup-1112","8":"productgroup-1113","9":"productgroup-1114","10":"product_cat-damentracht","11":"product_cat-accessoires","12":"product_tag-eau-de-parfum-geflammt-20ml","14":"first","15":"instock","16":"taxable","17":"shipping-taxable","18":"purchasable","19":"product-type-simple"},"acf":[],"jetpack_sharing_enabled":true,"_links":{"self":[{"href":"https:\/\/www.salzburgerheimatwerk.at\/en\/wp-json\/wp\/v2\/product\/205524","targetHints":{"allow":["GET"]}}],"collection":[{"href":"https:\/\/www.salzburgerheimatwerk.at\/en\/wp-json\/wp\/v2\/product"}],"about":[{"href":"https:\/\/www.salzburgerheimatwerk.at\/en\/wp-json\/wp\/v2\/types\/product"}],"wp:featuredmedia":[{"embeddable":true,"href":"https:\/\/www.salzburgerheimatwerk.at\/en\/wp-json\/wp\/v2\/media\/294059"}],"wp:attachment":[{"href":"https:\/\/www.salzburgerheimatwerk.at\/en\/wp-json\/wp\/v2\/media?parent=205524"}],"wp:term":[{"taxonomy":"product_brand","embeddable":true,"href":"https:\/\/www.salzburgerheimatwerk.at\/en\/wp-json\/wp\/v2\/product_brand?post=205524"},{"taxonomy":"product_cat","embeddable":true,"href":"https:\/\/www.salzburgerheimatwerk.at\/en\/wp-json\/wp\/v2\/product_cat?post=205524"},{"taxonomy":"product_tag","embeddable":true,"href":"https:\/\/www.salzburgerheimatwerk.at\/en\/wp-json\/wp\/v2\/product_tag?post=205524"}],"curies":[{"name":"wp","href":"https:\/\/api.w.org\/{rel}","templated":true}]}}