{"id":212550,"date":"2022-10-04T09:49:01","date_gmt":"2022-10-04T07:49:01","guid":{"rendered":"https:\/\/www.salzburgerheimatwerk.at\/produkt\/damenschuhe\/"},"modified":"2026-04-28T20:21:07","modified_gmt":"2026-04-28T18:21:07","slug":"damenschuhe","status":"publish","type":"product","link":"https:\/\/www.salzburgerheimatwerk.at\/en\/produkt\/damenschuhe\/","title":{"rendered":"Damen Schn\u00fcrschuh taupe"},"content":{"rendered":"<p>Eine raffinierte Kombination aus Tracht, Moderne und Klassiker. Wundersch\u00f6ner taupe farbener Halbschuh mit Lederriemen zum Schn\u00fcren. Perfekter Begleiter sowohl zu Hosen als auch R\u00f6cken und Kleider.<\/p>\n","protected":false},"excerpt":{"rendered":"<p>Eine raffinierte Kombination aus Tracht, Moderne und Klassiker. Wundersch\u00f6ner taupe farbener Halbschuh mit Lederriemen zum Schn\u00fcren. Perfekter Begleiter sowohl zu Hosen als auch R\u00f6cken&#8230;<\/p>\n","protected":false},"featured_media":343216,"template":"","meta":{"_acf_changed":false},"product_brand":[],"product_cat":[48,58],"product_tag":[1054],"class_list":{"0":"post-212550","1":"product","2":"type-product","3":"status-publish","4":"has-post-thumbnail","6":"pricegroup-354","7":"pricegroup-202","8":"productgroup-204","9":"productgroup-355","10":"product_cat-damentracht","11":"product_cat-schuhe-taschen","12":"product_tag-damenschuhe","13":"pa_farbe-beige","15":"first","16":"instock","17":"taxable","18":"shipping-taxable","19":"purchasable","20":"product-type-variable","21":"has-default-attributes"},"acf":[],"jetpack_sharing_enabled":true,"_links":{"self":[{"href":"https:\/\/www.salzburgerheimatwerk.at\/en\/wp-json\/wp\/v2\/product\/212550","targetHints":{"allow":["GET"]}}],"collection":[{"href":"https:\/\/www.salzburgerheimatwerk.at\/en\/wp-json\/wp\/v2\/product"}],"about":[{"href":"https:\/\/www.salzburgerheimatwerk.at\/en\/wp-json\/wp\/v2\/types\/product"}],"wp:featuredmedia":[{"embeddable":true,"href":"https:\/\/www.salzburgerheimatwerk.at\/en\/wp-json\/wp\/v2\/media\/343216"}],"wp:attachment":[{"href":"https:\/\/www.salzburgerheimatwerk.at\/en\/wp-json\/wp\/v2\/media?parent=212550"}],"wp:term":[{"taxonomy":"product_brand","embeddable":true,"href":"https:\/\/www.salzburgerheimatwerk.at\/en\/wp-json\/wp\/v2\/product_brand?post=212550"},{"taxonomy":"product_cat","embeddable":true,"href":"https:\/\/www.salzburgerheimatwerk.at\/en\/wp-json\/wp\/v2\/product_cat?post=212550"},{"taxonomy":"product_tag","embeddable":true,"href":"https:\/\/www.salzburgerheimatwerk.at\/en\/wp-json\/wp\/v2\/product_tag?post=212550"}],"curies":[{"name":"wp","href":"https:\/\/api.w.org\/{rel}","templated":true}]}}