{"id":223161,"date":"2022-10-11T10:00:38","date_gmt":"2022-10-11T08:00:38","guid":{"rendered":"https:\/\/www.salzburgerheimatwerk.at\/produkt\/herrenweste-blaudruck\/"},"modified":"2026-04-28T21:21:09","modified_gmt":"2026-04-28T19:21:09","slug":"herrenweste-blaudruck","status":"publish","type":"product","link":"https:\/\/www.salzburgerheimatwerk.at\/en\/produkt\/herrenweste-blaudruck\/","title":{"rendered":"Herrenweste Blaudruck"},"content":{"rendered":"<p>Herren Blaudruck-Leinengilet mit Stehkragen, Kn\u00f6pfen und Tragoner am R\u00fccken. Zwei Eingrifftaschen am Vorderteil. Perfekte Verarbeitung, Qualit\u00e4t aus \u00d6sterreich.<\/p>\n","protected":false},"excerpt":{"rendered":"<p>Herren Blaudruck-Leinengilet mit Stehkragen, Kn\u00f6pfen und Tragoner am R\u00fccken. Zwei Eingrifftaschen am Vorderteil. Perfekte Verarbeitung, Qualit\u00e4t aus&#8230;<\/p>\n","protected":false},"featured_media":343258,"template":"","meta":{"_acf_changed":false},"product_brand":[],"product_cat":[63,59],"product_tag":[1581],"class_list":{"0":"post-223161","1":"product","2":"type-product","3":"status-publish","4":"has-post-thumbnail","6":"pricegroup-166","7":"pricegroup-817","8":"productgroup-174","9":"productgroup-818","10":"product_cat-westen","11":"product_cat-herrentracht","12":"product_tag-weste-blaudruck","13":"pa_farbe-mehrfarbig","14":"pa_farbe-blau","15":"pa_farbe-beige","17":"first","18":"instock","19":"taxable","20":"shipping-taxable","21":"purchasable","22":"product-type-variable","23":"has-default-attributes"},"acf":[],"jetpack_sharing_enabled":true,"_links":{"self":[{"href":"https:\/\/www.salzburgerheimatwerk.at\/en\/wp-json\/wp\/v2\/product\/223161","targetHints":{"allow":["GET"]}}],"collection":[{"href":"https:\/\/www.salzburgerheimatwerk.at\/en\/wp-json\/wp\/v2\/product"}],"about":[{"href":"https:\/\/www.salzburgerheimatwerk.at\/en\/wp-json\/wp\/v2\/types\/product"}],"wp:featuredmedia":[{"embeddable":true,"href":"https:\/\/www.salzburgerheimatwerk.at\/en\/wp-json\/wp\/v2\/media\/343258"}],"wp:attachment":[{"href":"https:\/\/www.salzburgerheimatwerk.at\/en\/wp-json\/wp\/v2\/media?parent=223161"}],"wp:term":[{"taxonomy":"product_brand","embeddable":true,"href":"https:\/\/www.salzburgerheimatwerk.at\/en\/wp-json\/wp\/v2\/product_brand?post=223161"},{"taxonomy":"product_cat","embeddable":true,"href":"https:\/\/www.salzburgerheimatwerk.at\/en\/wp-json\/wp\/v2\/product_cat?post=223161"},{"taxonomy":"product_tag","embeddable":true,"href":"https:\/\/www.salzburgerheimatwerk.at\/en\/wp-json\/wp\/v2\/product_tag?post=223161"}],"curies":[{"name":"wp","href":"https:\/\/api.w.org\/{rel}","templated":true}]}}