{"id":229383,"date":"2022-10-15T10:06:30","date_gmt":"2022-10-15T08:06:30","guid":{"rendered":"https:\/\/www.salzburgerheimatwerk.at\/produkt\/jacke-mit-loden-u-strick\/"},"modified":"2026-04-28T20:21:09","modified_gmt":"2026-04-28T18:21:09","slug":"jacke-mit-loden-u-strick","status":"publish","type":"product","link":"https:\/\/www.salzburgerheimatwerk.at\/en\/produkt\/jacke-mit-loden-u-strick\/","title":{"rendered":"Jacke mit Loden u. Strick"},"content":{"rendered":"<p>Diese Jacke ist eine Lodenjacke mit Strick\u00e4rmeln und Stehkragen. Sie besteht zu 100% aus Schurwolle und eignet sich so ideal f\u00fcr den Herbst. Die Eigenschaften der Wolle sorgen f\u00fcr einen guten thermischen Ausgleich. B\u00fcffelhornkn\u00f6pfe f\u00fcr den optischen Schmuck. Qualit\u00e4t aus \u00d6sterreich die man sieht und sp\u00fcrt.<\/p>\n","protected":false},"excerpt":{"rendered":"<p>Diese Jacke ist eine Lodenjacke mit Strick\u00e4rmeln und Stehkragen. Sie besteht zu 100% aus Schurwolle und eignet sich so ideal f\u00fcr den Herbst. Die&#8230;<\/p>\n","protected":false},"featured_media":343264,"template":"","meta":{"_acf_changed":false},"product_brand":[],"product_cat":[1222,59,61],"product_tag":[1179],"class_list":{"0":"post-229383","1":"product","2":"type-product","3":"status-publish","4":"has-post-thumbnail","6":"pricegroup-166","7":"pricegroup-216","8":"productgroup-174","9":"productgroup-217","10":"product_cat-sakko","11":"product_cat-herrentracht","12":"product_cat-jacken-maentel","13":"product_tag-jacke","14":"pa_farbe-oliv","15":"pa_farbe-grau","17":"first","18":"instock","19":"taxable","20":"shipping-taxable","21":"purchasable","22":"product-type-variable","23":"has-default-attributes"},"acf":[],"jetpack_sharing_enabled":true,"_links":{"self":[{"href":"https:\/\/www.salzburgerheimatwerk.at\/en\/wp-json\/wp\/v2\/product\/229383","targetHints":{"allow":["GET"]}}],"collection":[{"href":"https:\/\/www.salzburgerheimatwerk.at\/en\/wp-json\/wp\/v2\/product"}],"about":[{"href":"https:\/\/www.salzburgerheimatwerk.at\/en\/wp-json\/wp\/v2\/types\/product"}],"wp:featuredmedia":[{"embeddable":true,"href":"https:\/\/www.salzburgerheimatwerk.at\/en\/wp-json\/wp\/v2\/media\/343264"}],"wp:attachment":[{"href":"https:\/\/www.salzburgerheimatwerk.at\/en\/wp-json\/wp\/v2\/media?parent=229383"}],"wp:term":[{"taxonomy":"product_brand","embeddable":true,"href":"https:\/\/www.salzburgerheimatwerk.at\/en\/wp-json\/wp\/v2\/product_brand?post=229383"},{"taxonomy":"product_cat","embeddable":true,"href":"https:\/\/www.salzburgerheimatwerk.at\/en\/wp-json\/wp\/v2\/product_cat?post=229383"},{"taxonomy":"product_tag","embeddable":true,"href":"https:\/\/www.salzburgerheimatwerk.at\/en\/wp-json\/wp\/v2\/product_tag?post=229383"}],"curies":[{"name":"wp","href":"https:\/\/api.w.org\/{rel}","templated":true}]}}