{"id":244788,"date":"2022-10-25T10:16:14","date_gmt":"2022-10-25T08:16:14","guid":{"rendered":"https:\/\/www.salzburgerheimatwerk.at\/produkt\/dvd-salzburger-adventsingen-2022-schnee-in-bethlehem\/"},"modified":"2026-04-28T18:20:35","modified_gmt":"2026-04-28T16:20:35","slug":"dvd-salzburger-adventsingen-2022-schnee-in-bethlehem","status":"publish","type":"product","link":"https:\/\/www.salzburgerheimatwerk.at\/en\/produkt\/dvd-salzburger-adventsingen-2022-schnee-in-bethlehem\/","title":{"rendered":"DVD Salzburger Adventsingen 2022 &#8220;Schnee in Bethlehem&#8221;"},"content":{"rendered":"<p>Dieses Salzburger Adventsingen wird uns mit einer m\u00e4rchenhaften Geschichte an gl\u00fcckselige Abende der Kindheit erinnern. Es beginnt nach dem musikalischen Prolog mit \u201eEs war einmal\u2026\u201c und ist eine uralte, von Generation zu Generation m\u00fcndlich \u00fcberlieferte Adventsgeschichte, in die uns die Erz\u00e4hlerin in Erinnerung an ihre Oma mitnimmt. Unz\u00e4hlige Male hat sie diese Geschichte beim Schlafengehen geh\u00f6rt. Jedes Mal klang sie ein wenig anders und wurde aus Omas Gedankenwelt mit neuen, phantasievollen Details angereichert. Einer der H\u00f6hepunkte war stets, dass in der Heiligen Nacht neben dem Wunder der Geburt in Bethlehem ausgerechnet in jener Nacht nach langer, langer Zeit wieder einmal Schnee vom Himmel fiel. Alles erstarrte in frostiger K\u00e4lte. Nur eine strahlend wei\u00dfe Schneerose verk\u00fcndete neue Hoffnung, neues Leben. Sie wird seit diesen Tagen bekanntlich auch Christrose genannt.<\/p>\n<p>Dies ist nur ein ganz kleiner Einblick in eine neu strukturierte, ereignisreiche adventliche Geschichte, die mit viel Musik und Gesang wieder zu einem harmonischen Ganzen geworden ist. Es ist auch diesmal wieder ein zu Herzen gehendes Adventsingen, das uns, so wir es zulassen, mit der Kraft der Stille und dem Mysterium der g\u00f6ttlichen Liebe im Innersten ber\u00fchren wird.<\/p>\n<p>Gesamtleitung, Buch, Produktion: Hans K\u00f6hl; Musik: Shane Woodborne unter Verwendung von Bibeltexten, Musik und Bearbeitungen von Tobi und Tobias Reiser, Kerstin Schmid-Pleschonig, Reinhold Schmid und Hildegard Stofferin; Inszenierung: Gerda Gratzer; Dirigat: Herbert B\u00f6ck; Kost\u00fcme\/Maske: Hellmut H\u00f6lzl; B\u00fchnenbild: Dietmar Solt<\/p>\n<p>Mitwirkende:<br \/>\nMaria (Eva Schinwald), Josef (Bernhard Teufl), Engel (Elisabeth Eder), Elisabeth (Martina Gmeinder), Erz\u00e4hlerin (Julia Leckner), Hirten J\u00e5ggerl (Edwin Hochmuth), Salzburger Hirtenkinder, Vokalensemble Hohes C, Vokalensemble CMM, Salzburger Volksliedchor, Salzburger Saitenmusikensemble, Salzburger Geigenmusik, Bl\u00e4serensemble Juvavum Brass, Salzburger Blattbl\u00e4serensemble<\/p>\n<p>DVD \/ Video<\/p>\n<p>Sprache Deutsch<br \/>\nSpieldauer ca. 100 Minuten<br \/>\nTonformat: Stereo<br \/>\nBildformat 16:9<\/p>\n","protected":false},"excerpt":{"rendered":"<p>Dieses Salzburger Adventsingen wird uns mit einer m\u00e4rchenhaften Geschichte an gl\u00fcckselige Abende der Kindheit erinnern. Es beginnt nach dem musikalischen Prolog mit \u201eEs war&#8230;<\/p>\n","protected":false},"featured_media":289242,"template":"","meta":{"_acf_changed":false},"product_brand":[],"product_cat":[1218,1263],"product_tag":[1614],"class_list":{"0":"post-244788","1":"product","2":"type-product","3":"status-publish","4":"has-post-thumbnail","6":"pricegroup-1171","7":"pricegroup-1188","8":"productgroup-1173","9":"productgroup-1189","10":"product_cat-buecher-cds","11":"product_cat-cds-buecher-cds","12":"product_tag-dvd-salzburger-adventsingen-2022-schnee-in-bethlehem","14":"first","15":"instock","16":"taxable","17":"shipping-taxable","18":"purchasable","19":"product-type-simple"},"acf":[],"jetpack_sharing_enabled":true,"_links":{"self":[{"href":"https:\/\/www.salzburgerheimatwerk.at\/en\/wp-json\/wp\/v2\/product\/244788","targetHints":{"allow":["GET"]}}],"collection":[{"href":"https:\/\/www.salzburgerheimatwerk.at\/en\/wp-json\/wp\/v2\/product"}],"about":[{"href":"https:\/\/www.salzburgerheimatwerk.at\/en\/wp-json\/wp\/v2\/types\/product"}],"wp:featuredmedia":[{"embeddable":true,"href":"https:\/\/www.salzburgerheimatwerk.at\/en\/wp-json\/wp\/v2\/media\/289242"}],"wp:attachment":[{"href":"https:\/\/www.salzburgerheimatwerk.at\/en\/wp-json\/wp\/v2\/media?parent=244788"}],"wp:term":[{"taxonomy":"product_brand","embeddable":true,"href":"https:\/\/www.salzburgerheimatwerk.at\/en\/wp-json\/wp\/v2\/product_brand?post=244788"},{"taxonomy":"product_cat","embeddable":true,"href":"https:\/\/www.salzburgerheimatwerk.at\/en\/wp-json\/wp\/v2\/product_cat?post=244788"},{"taxonomy":"product_tag","embeddable":true,"href":"https:\/\/www.salzburgerheimatwerk.at\/en\/wp-json\/wp\/v2\/product_tag?post=244788"}],"curies":[{"name":"wp","href":"https:\/\/api.w.org\/{rel}","templated":true}]}}