{"id":266788,"date":"2022-11-08T08:58:02","date_gmt":"2022-11-08T07:58:02","guid":{"rendered":"https:\/\/www.salzburgerheimatwerk.at\/produkt\/seide-baumwoll-brokat-mehrfaerbig-streifen\/"},"modified":"2026-04-28T18:20:39","modified_gmt":"2026-04-28T16:20:39","slug":"seide-baumwoll-brokat-mehrfaerbig-streifen","status":"publish","type":"product","link":"https:\/\/www.salzburgerheimatwerk.at\/en\/produkt\/seide-baumwoll-brokat-mehrfaerbig-streifen\/","title":{"rendered":"Seide-Baumwoll-Brokat mehrf\u00e4rbig Streifen"},"content":{"rendered":"<p>Brokat aus einer feinen Baumwoll-Seide-Mischung. Brokat-Seide zeichnet sich durch eine in sich gewebte Optik in gro\u00dfer Mustervielfalt aus. <\/p>\n<p>Eignung<br \/>\nIdeal f\u00fcr Dirndlsch\u00fcrzen und -r\u00f6cke.<\/p>\n<p>Bitte beachten: Stoff ist quergestreift<\/p>\n","protected":false},"excerpt":{"rendered":"<p>Brokat aus einer feinen Baumwoll-Seide-Mischung. Brokat-Seide zeichnet sich durch eine in sich gewebte Optik in gro\u00dfer Mustervielfalt aus.   Eignung Ideal f\u00fcr Dirndlsch\u00fcrzen&#8230;<\/p>\n","protected":false},"featured_media":291320,"template":"","meta":{"_acf_changed":false},"product_brand":[],"product_cat":[37,192],"product_tag":[1624],"class_list":{"0":"post-266788","1":"product","2":"type-product","3":"status-publish","4":"has-post-thumbnail","6":"pricegroup-540","7":"pricegroup-165","8":"productgroup-541","9":"productgroup-173","10":"product_cat-stoffe","11":"product_cat-trachtenstoffe","12":"product_tag-seide-bw-gruen-rosa-anna","13":"pa_farbe-mehrfarbig","14":"pa_farbe-gruen","15":"pa_farbe-rosa","16":"pa_stoffbreite-150-cm","18":"first","19":"instock","20":"taxable","21":"shipping-taxable","22":"purchasable","23":"product-type-simple"},"acf":[],"jetpack_sharing_enabled":true,"_links":{"self":[{"href":"https:\/\/www.salzburgerheimatwerk.at\/en\/wp-json\/wp\/v2\/product\/266788","targetHints":{"allow":["GET"]}}],"collection":[{"href":"https:\/\/www.salzburgerheimatwerk.at\/en\/wp-json\/wp\/v2\/product"}],"about":[{"href":"https:\/\/www.salzburgerheimatwerk.at\/en\/wp-json\/wp\/v2\/types\/product"}],"wp:featuredmedia":[{"embeddable":true,"href":"https:\/\/www.salzburgerheimatwerk.at\/en\/wp-json\/wp\/v2\/media\/291320"}],"wp:attachment":[{"href":"https:\/\/www.salzburgerheimatwerk.at\/en\/wp-json\/wp\/v2\/media?parent=266788"}],"wp:term":[{"taxonomy":"product_brand","embeddable":true,"href":"https:\/\/www.salzburgerheimatwerk.at\/en\/wp-json\/wp\/v2\/product_brand?post=266788"},{"taxonomy":"product_cat","embeddable":true,"href":"https:\/\/www.salzburgerheimatwerk.at\/en\/wp-json\/wp\/v2\/product_cat?post=266788"},{"taxonomy":"product_tag","embeddable":true,"href":"https:\/\/www.salzburgerheimatwerk.at\/en\/wp-json\/wp\/v2\/product_tag?post=266788"}],"curies":[{"name":"wp","href":"https:\/\/api.w.org\/{rel}","templated":true}]}}