{"id":266792,"date":"2022-11-08T08:58:07","date_gmt":"2022-11-08T07:58:07","guid":{"rendered":"https:\/\/www.salzburgerheimatwerk.at\/produkt\/seide-baumwoll-brokat-braun-streifen\/"},"modified":"2026-04-28T18:20:39","modified_gmt":"2026-04-28T16:20:39","slug":"seide-baumwoll-brokat-braun-streifen","status":"publish","type":"product","link":"https:\/\/www.salzburgerheimatwerk.at\/en\/produkt\/seide-baumwoll-brokat-braun-streifen\/","title":{"rendered":"Seide-Baumwoll-Brokat braun Streifen"},"content":{"rendered":"<p>Brokat aus einer feinen Baumwoll-Seide-Mischung. Brokat-Seide zeichnet sich durch eine in sich gewebte Optik in gro\u00dfer Mustervielfalt aus. <\/p>\n<p>Eignung<br \/>\nIdeal f\u00fcr Dirndlsch\u00fcrzen und -r\u00f6cke.<\/p>\n<p>Bitte beachten: Stoff ist quergestreift<\/p>\n","protected":false},"excerpt":{"rendered":"<p>Brokat aus einer feinen Baumwoll-Seide-Mischung. Brokat-Seide zeichnet sich durch eine in sich gewebte Optik in gro\u00dfer Mustervielfalt aus.   Eignung Ideal f\u00fcr Dirndlsch\u00fcrzen&#8230;<\/p>\n","protected":false},"featured_media":291322,"template":"","meta":{"_acf_changed":false},"product_brand":[],"product_cat":[37,192],"product_tag":[1626],"class_list":{"0":"post-266792","1":"product","2":"type-product","3":"status-publish","4":"has-post-thumbnail","6":"pricegroup-540","7":"pricegroup-165","8":"productgroup-541","9":"productgroup-173","10":"product_cat-stoffe","11":"product_cat-trachtenstoffe","12":"product_tag-seide-bw-braun-anna","13":"pa_farbe-braun","14":"pa_stoffbreite-150-cm","15":"pa_zertifizierung-oeko-tex","17":"first","18":"instock","19":"taxable","20":"shipping-taxable","21":"purchasable","22":"product-type-simple"},"acf":[],"jetpack_sharing_enabled":true,"_links":{"self":[{"href":"https:\/\/www.salzburgerheimatwerk.at\/en\/wp-json\/wp\/v2\/product\/266792","targetHints":{"allow":["GET"]}}],"collection":[{"href":"https:\/\/www.salzburgerheimatwerk.at\/en\/wp-json\/wp\/v2\/product"}],"about":[{"href":"https:\/\/www.salzburgerheimatwerk.at\/en\/wp-json\/wp\/v2\/types\/product"}],"wp:featuredmedia":[{"embeddable":true,"href":"https:\/\/www.salzburgerheimatwerk.at\/en\/wp-json\/wp\/v2\/media\/291322"}],"wp:attachment":[{"href":"https:\/\/www.salzburgerheimatwerk.at\/en\/wp-json\/wp\/v2\/media?parent=266792"}],"wp:term":[{"taxonomy":"product_brand","embeddable":true,"href":"https:\/\/www.salzburgerheimatwerk.at\/en\/wp-json\/wp\/v2\/product_brand?post=266792"},{"taxonomy":"product_cat","embeddable":true,"href":"https:\/\/www.salzburgerheimatwerk.at\/en\/wp-json\/wp\/v2\/product_cat?post=266792"},{"taxonomy":"product_tag","embeddable":true,"href":"https:\/\/www.salzburgerheimatwerk.at\/en\/wp-json\/wp\/v2\/product_tag?post=266792"}],"curies":[{"name":"wp","href":"https:\/\/api.w.org\/{rel}","templated":true}]}}