{"id":27171,"date":"2022-04-27T08:32:39","date_gmt":"2022-04-27T06:32:39","guid":{"rendered":"https:\/\/salzburgerheimatwerk.at\/produkt\/kinder-backen-mit-christina\/"},"modified":"2026-04-07T08:17:13","modified_gmt":"2026-04-07T06:17:13","slug":"kinder-backen-mit-christina","status":"publish","type":"product","link":"https:\/\/www.salzburgerheimatwerk.at\/en\/produkt\/kinder-backen-mit-christina\/","title":{"rendered":"Kinder backen mit Christina"},"content":{"rendered":"<p>176 Seiten<br \/>\nSchneebesen- und Mehlnasenalarm! 30 supereinfache Rezepte zum Backen f\u00fcr und mit Kindern<br \/>\nBacken mit Kindern &#8211; das ist Mehl auf Nasenspitzen verteilen &#038; ein bisschen Teig aus der Sch\u00fcssel stibitzen, Zeitverbringen &#038; heimlich Schokostreusel verputzen! Christina Bauer hat mit ihren beiden Kids Magdalena und Thomas neue und vor allem einfache Rezepte ausprobiert und aufgeschrieben &#8211; f\u00fcr Brot, s\u00fc\u00dfe Leckereien und kleine Snacks, die dann auch ganz sicher im Bauch landen. Weil sie sensationell schmecken, zum Anbei\u00dfen ausschauen (Stichwort: Laugenigel und freche M\u00fcsliriegel), gesund sind und vor allem: weil die Kinder selber mitgebacken haben. Den Teig ger\u00fchrt und geknetet, die Eier aufgeschlagen und die fertigen Br\u00f6tchen in beliebig viele K\u00f6rner getaucht. Die Teigstr\u00e4nge zu knuffigen Hasen geformt oder W\u00fcrstchen auf Spie\u00dfe gef\u00e4delt und in eine knusprige Broth\u00fclle gewickelt.<\/p>\n<p>Rezepte f\u00fcr den Osterhasen und wirklich jede andere Fete<br \/>\nSupercool, wenn sich solch selbst gemachte Karottenbr\u00f6tchen in der Jausenbox wiederfinden oder der Schokoladekuchenzug bei der n\u00e4chsten Kindergeburtstagsparty f\u00fcr ausgelassene Stimmung sorgt. Der Osterhase wird mit einem Nestchen aus Hefeteig \u00fcberrascht, damit er auch ganz sicher viele Eier versteckt, die G\u00e4ste zu Weihnachten mit rot funkelnden Stern-Keksen. Alle Rezepte sind so leicht nachzubacken, dass sie gr\u00f6\u00dfere Kinder schon (fast) alleine zubereiten k\u00f6nnen. F\u00fcr die kleinen gibt es klarerweise auch immer was zu tun: Teige kneten und ausrollen, Kekse ausstechen und Muffins oder Cake Pops dekorieren. Und dann nat\u00fcrlich: in die noch lauwarmen Cookies und Fr\u00fchst\u00fccksbr\u00f6tchen schnell hineinbei\u00dfen!<\/p>\n<p>Wie entsteht ein Ei? Woher kommt die Milch? Und wer l\u00e4sst den Teig eigentlich so schnell wachsen?<br \/>\nGanz nebenbei lernen die Kinder, wie sich Lebensmittel anf\u00fchlen, was man aus Grundzutaten alles machen kann und wie wertvoll Milch, Mehl und Brotgew\u00fcrze sind. Und dass sich in einem kleinen W\u00fcrfel Hefe Millionen von Lebewesen tummeln. Denn Christina pr\u00e4sentiert nicht nur 30 Rezepte zum Backen mit und f\u00fcr Kinder, sondern l\u00e4sst uns an ihrer Welt am Bauernhof teilhaben &#8211; und an allem, was dazugeh\u00f6rt. Wie ist es, jeden Tag gemeinsam mit den Tieren aufzustehen? Woher kommt die Milch f\u00fcr den Kakao zum Fr\u00fchst\u00fccksbrot, wie kann man Joghurt f\u00fcrs M\u00fcsli selber machen und warum schmeckt der Kuchen mit selbst geernteten Erdbeeren um Welten besser? Ein Buch zum Nachlesen und Nachbacken, randvoll mit wunderbaren Rezepten f\u00fcrs ganze Jahr und jede Back-Gelegenheit. Und mit Geschichten und Fotos von Christinas Bauernhof, die so echt sind, dass man das frische Heu und die duftenden Vollkornbr\u00f6tchen fast riechen kann.<\/p>\n<p>Challenge accepted: Kinder am Nachmittag besch\u00e4ftigen und K\u00f6stlichkeiten aus dem Ofen holen, die grandios ausschauen und gleichzeitig Klein und Gro\u00df schmecken? Mit diesen einfachen Rezepten gelingt&#8217;s bestimmt!<br \/>\nRezepte f\u00fcr alles, was rund ums Jahr anf\u00e4llt: Kindergeburtstage &#038; Ostern, Ausfl\u00fcge &#038; Weihnachten &#8211; und nat\u00fcrlich den ganz normalen Wahnsinn, \u00e4hm Alltag<br \/>\nIn Christinas Bauernhofwelt eintauchen und herausfinden, was in den Backzutaten steckt: Woher kommt die Milch? Woraus besteht ein Ei?<\/p>\n","protected":false},"excerpt":{"rendered":"<p>176 Seiten Schneebesen- und Mehlnasenalarm! 30 supereinfache Rezepte zum Backen f\u00fcr und mit Kindern Backen mit Kindern &#8211; das ist Mehl auf Nasenspitzen verteilen&#8230;<\/p>\n","protected":false},"featured_media":288232,"template":"","meta":{"_acf_changed":false},"product_brand":[],"product_cat":[1218,1219],"product_tag":[1333],"class_list":{"0":"post-27171","1":"product","2":"type-product","3":"status-publish","4":"has-post-thumbnail","6":"pricegroup-1171","7":"pricegroup-1331","8":"productgroup-1173","9":"productgroup-1332","10":"product_cat-buecher-cds","11":"product_cat-buecher-buecher-cds","12":"product_tag-kinder-backen-mit-christina","14":"first","15":"outofstock","16":"taxable","17":"shipping-taxable","18":"purchasable","19":"product-type-simple"},"acf":[],"jetpack_sharing_enabled":true,"_links":{"self":[{"href":"https:\/\/www.salzburgerheimatwerk.at\/en\/wp-json\/wp\/v2\/product\/27171","targetHints":{"allow":["GET"]}}],"collection":[{"href":"https:\/\/www.salzburgerheimatwerk.at\/en\/wp-json\/wp\/v2\/product"}],"about":[{"href":"https:\/\/www.salzburgerheimatwerk.at\/en\/wp-json\/wp\/v2\/types\/product"}],"wp:featuredmedia":[{"embeddable":true,"href":"https:\/\/www.salzburgerheimatwerk.at\/en\/wp-json\/wp\/v2\/media\/288232"}],"wp:attachment":[{"href":"https:\/\/www.salzburgerheimatwerk.at\/en\/wp-json\/wp\/v2\/media?parent=27171"}],"wp:term":[{"taxonomy":"product_brand","embeddable":true,"href":"https:\/\/www.salzburgerheimatwerk.at\/en\/wp-json\/wp\/v2\/product_brand?post=27171"},{"taxonomy":"product_cat","embeddable":true,"href":"https:\/\/www.salzburgerheimatwerk.at\/en\/wp-json\/wp\/v2\/product_cat?post=27171"},{"taxonomy":"product_tag","embeddable":true,"href":"https:\/\/www.salzburgerheimatwerk.at\/en\/wp-json\/wp\/v2\/product_tag?post=27171"}],"curies":[{"name":"wp","href":"https:\/\/api.w.org\/{rel}","templated":true}]}}