{"id":27690,"date":"2022-04-27T08:58:40","date_gmt":"2022-04-27T06:58:40","guid":{"rendered":"https:\/\/salzburgerheimatwerk.at\/produkt\/wiener-chic-susanne-bisovsky\/"},"modified":"2026-04-28T20:18:59","modified_gmt":"2026-04-28T18:18:59","slug":"wiener-chic-susanne-bisovsky","status":"publish","type":"product","link":"https:\/\/www.salzburgerheimatwerk.at\/en\/produkt\/wiener-chic-susanne-bisovsky\/","title":{"rendered":"Wiener Chic &#8211; Susanne Bisovsky"},"content":{"rendered":"<p>304 Seiten, 25.1 x 3.7 x 33.8 cm<br \/>\nMode f\u00fcr eine gro\u00dfe Stadt Wien ist eine alte Dame, die fr\u00fch zu Bett geht und lange schl\u00e4ft! Eine Stadt wie Wien in einem globalisierten Umfeld ist der Hintergrund f\u00fcr die ersten drei\u00dfig Jahre \u201eBekleidungsentwicklungshilfe\u201c einer Wiener Modesch\u00f6pferin seit 1990. Wider eine glattgeb\u00fcgelte internationalisierte \u00c4sthetik formuliert Susanne Bisovsky tiefgreifende, aber auch spielerische und letztlich selbstbestimmte Wege zu Bekleidung, Mode, Gewandung. Die Modesch\u00f6pferin nimmt uns mit auf eine Reise in die H\u00f6hen und Tiefen einer textilen Realit\u00e4t, die kaum Vergangenheit und nur Momentchen der Gegenwart kennt. Dabei durchdringt sie f\u00fcr und mit uns die Scheinwelt hysterischer \u00dcberproduktion und \u00f6ffnet ihren realen und imagin\u00e4ren Fundus der Bekleidung einer Stadt, deren Sch\u00e4tze man nur zu heben br\u00e4uchte. Unbeirrt von Trends f\u00fchrt sie uns ein scheinbar aus der Zeit gefallenes Bild der \u201eSch\u00f6nen Wienerin\u201c vor Augen. Und zwischen den Zeilen des von namhaften Fotograf*innen bebilderten Bandes findet man schlie\u00dflich eine Stadt, die sich um den Preis der Austauschbarkeit mehr und mehr selbst verliert. Damit das nicht passiert, beschenkt uns die Couturi\u00e8re mit erfrischendem \u201eWiener Chic\u201c. Couture-Kollektionen von Trachtenpunk bis Teatro alla Scala Mit Textbeitr\u00e4gen von Helmut Lang, Suzy Menkes, Barbara Vinken, Angela Stief, Elisabeth L\u00e4ngle, Andrea Bonicelli, Hubert Achleitner u. a. m. Fotografiert von Wolfgang Zac, Atelier Olschinsky, Bernd Preiml, Wolfgang Pohn, Jenni Koller, Bianca Hochenauer und G\u00fcnter Derleth<\/p>\n","protected":false},"excerpt":{"rendered":"<p>304 Seiten, 25.1 x 3.7 x 33.8 cm Mode f\u00fcr eine gro\u00dfe Stadt Wien ist eine alte Dame, die fr\u00fch zu Bett geht und&#8230;<\/p>\n","protected":false},"featured_media":288832,"template":"","meta":{"_acf_changed":false},"product_brand":[],"product_cat":[1218,1219],"product_tag":[1340],"class_list":{"0":"post-27690","1":"product","2":"type-product","3":"status-publish","4":"has-post-thumbnail","6":"pricegroup-1171","7":"pricegroup-1251","8":"productgroup-1252","9":"productgroup-1173","10":"product_cat-buecher-cds","11":"product_cat-buecher-buecher-cds","12":"product_tag-wiener-chic-susanne-bisovsky","14":"first","15":"instock","16":"taxable","17":"shipping-taxable","18":"purchasable","19":"product-type-simple"},"acf":[],"jetpack_sharing_enabled":true,"_links":{"self":[{"href":"https:\/\/www.salzburgerheimatwerk.at\/en\/wp-json\/wp\/v2\/product\/27690","targetHints":{"allow":["GET"]}}],"collection":[{"href":"https:\/\/www.salzburgerheimatwerk.at\/en\/wp-json\/wp\/v2\/product"}],"about":[{"href":"https:\/\/www.salzburgerheimatwerk.at\/en\/wp-json\/wp\/v2\/types\/product"}],"wp:featuredmedia":[{"embeddable":true,"href":"https:\/\/www.salzburgerheimatwerk.at\/en\/wp-json\/wp\/v2\/media\/288832"}],"wp:attachment":[{"href":"https:\/\/www.salzburgerheimatwerk.at\/en\/wp-json\/wp\/v2\/media?parent=27690"}],"wp:term":[{"taxonomy":"product_brand","embeddable":true,"href":"https:\/\/www.salzburgerheimatwerk.at\/en\/wp-json\/wp\/v2\/product_brand?post=27690"},{"taxonomy":"product_cat","embeddable":true,"href":"https:\/\/www.salzburgerheimatwerk.at\/en\/wp-json\/wp\/v2\/product_cat?post=27690"},{"taxonomy":"product_tag","embeddable":true,"href":"https:\/\/www.salzburgerheimatwerk.at\/en\/wp-json\/wp\/v2\/product_tag?post=27690"}],"curies":[{"name":"wp","href":"https:\/\/api.w.org\/{rel}","templated":true}]}}