{"id":290302,"date":"2022-12-24T07:22:30","date_gmt":"2022-12-24T06:22:30","guid":{"rendered":"https:\/\/www.salzburgerheimatwerk.at\/produkt\/herrenstrickjacke-2\/"},"modified":"2026-04-28T18:21:11","modified_gmt":"2026-04-28T16:21:11","slug":"herrenstrickjacke-2","status":"publish","type":"product","link":"https:\/\/www.salzburgerheimatwerk.at\/en\/produkt\/herrenstrickjacke-2\/","title":{"rendered":"Herrenstrickjacke"},"content":{"rendered":"<p>Gr\u00fcne Herrenstrickjacke aus reiner Merino Lambswool Qualit\u00e4t im Sakko Schnitt mit Hornkn\u00f6pfen, aufgesetzten Taschen und zwei Schlitzen am R\u00fccken. Ideal zum Kombinieren &#8211; sportlich als auch elegant.<\/p>\n","protected":false},"excerpt":{"rendered":"<p>Gr\u00fcne Herrenstrickjacke aus reiner Merino Lambswool Qualit\u00e4t im Sakko Schnitt mit Hornkn\u00f6pfen, aufgesetzten Taschen und zwei Schlitzen am R\u00fccken. Ideal zum Kombinieren &#8211; sportlich&#8230;<\/p>\n","protected":false},"featured_media":343313,"template":"","meta":{"_acf_changed":false},"product_brand":[],"product_cat":[1222,59,62],"product_tag":[1661],"class_list":{"0":"post-290302","1":"product","2":"type-product","3":"status-publish","4":"has-post-thumbnail","6":"pricegroup-1071","7":"pricegroup-166","8":"productgroup-1072","9":"productgroup-174","10":"product_cat-sakko","11":"product_cat-herrentracht","12":"product_cat-strick-walk-2","13":"product_tag-herrenstrickjacke-david","14":"pa_farbe-gruen","16":"first","17":"instock","18":"taxable","19":"shipping-taxable","20":"purchasable","21":"product-type-variable","22":"has-default-attributes"},"acf":[],"jetpack_sharing_enabled":true,"_links":{"self":[{"href":"https:\/\/www.salzburgerheimatwerk.at\/en\/wp-json\/wp\/v2\/product\/290302","targetHints":{"allow":["GET"]}}],"collection":[{"href":"https:\/\/www.salzburgerheimatwerk.at\/en\/wp-json\/wp\/v2\/product"}],"about":[{"href":"https:\/\/www.salzburgerheimatwerk.at\/en\/wp-json\/wp\/v2\/types\/product"}],"wp:featuredmedia":[{"embeddable":true,"href":"https:\/\/www.salzburgerheimatwerk.at\/en\/wp-json\/wp\/v2\/media\/343313"}],"wp:attachment":[{"href":"https:\/\/www.salzburgerheimatwerk.at\/en\/wp-json\/wp\/v2\/media?parent=290302"}],"wp:term":[{"taxonomy":"product_brand","embeddable":true,"href":"https:\/\/www.salzburgerheimatwerk.at\/en\/wp-json\/wp\/v2\/product_brand?post=290302"},{"taxonomy":"product_cat","embeddable":true,"href":"https:\/\/www.salzburgerheimatwerk.at\/en\/wp-json\/wp\/v2\/product_cat?post=290302"},{"taxonomy":"product_tag","embeddable":true,"href":"https:\/\/www.salzburgerheimatwerk.at\/en\/wp-json\/wp\/v2\/product_tag?post=290302"}],"curies":[{"name":"wp","href":"https:\/\/api.w.org\/{rel}","templated":true}]}}