{"id":290315,"date":"2022-12-24T07:22:59","date_gmt":"2022-12-24T06:22:59","guid":{"rendered":"https:\/\/www.salzburgerheimatwerk.at\/produkt\/herrenstrickjacke-grau\/"},"modified":"2026-04-28T20:21:10","modified_gmt":"2026-04-28T18:21:10","slug":"herrenstrickjacke-grau","status":"publish","type":"product","link":"https:\/\/www.salzburgerheimatwerk.at\/en\/produkt\/herrenstrickjacke-grau\/","title":{"rendered":"Herrenstrickjacke grau"},"content":{"rendered":"<p>Gem\u00fctliche Herren Strickjacke in grau mit Holzkn\u00f6pfen. F\u00fcr dieses Produkt wird zu 100 Prozent reine Schurwolle mit viel Liebe zum Detail verarbeitet. S\u00e4mtliche Produktionsschritte, vom Einkauf der hochwertigen Wolle, \u00fcber das Stricken und die Ausr\u00fcstung, bis hin zur Konfektionierung erfolgen unter stetig strenger Qualit\u00e4tskontrolle.  Die Strickjacke wird in einem Traditionsbetrieb in \u00d6sterreich hergestellt und ist ein Indiz f\u00fcr Qualit\u00e4t und Heimatverbundenheit.<\/p>\n","protected":false},"excerpt":{"rendered":"<p>Gem\u00fctliche Herren Strickjacke in grau mit Holzkn\u00f6pfen. F\u00fcr dieses Produkt wird zu 100 Prozent reine Schurwolle mit viel Liebe zum Detail verarbeitet. S\u00e4mtliche Produktionsschritte,&#8230;<\/p>\n","protected":false},"featured_media":343320,"template":"","meta":{"_acf_changed":false},"product_brand":[],"product_cat":[59,62],"product_tag":[1662],"class_list":{"0":"post-290315","1":"product","2":"type-product","3":"status-publish","4":"has-post-thumbnail","6":"pricegroup-166","7":"pricegroup-1071","8":"productgroup-174","9":"productgroup-1072","10":"product_cat-herrentracht","11":"product_cat-strick-walk-2","12":"product_tag-herrenstrickjacke","13":"pa_farbe-grau","15":"first","16":"instock","17":"taxable","18":"shipping-taxable","19":"purchasable","20":"product-type-variable","21":"has-default-attributes"},"acf":[],"jetpack_sharing_enabled":true,"_links":{"self":[{"href":"https:\/\/www.salzburgerheimatwerk.at\/en\/wp-json\/wp\/v2\/product\/290315","targetHints":{"allow":["GET"]}}],"collection":[{"href":"https:\/\/www.salzburgerheimatwerk.at\/en\/wp-json\/wp\/v2\/product"}],"about":[{"href":"https:\/\/www.salzburgerheimatwerk.at\/en\/wp-json\/wp\/v2\/types\/product"}],"wp:featuredmedia":[{"embeddable":true,"href":"https:\/\/www.salzburgerheimatwerk.at\/en\/wp-json\/wp\/v2\/media\/343320"}],"wp:attachment":[{"href":"https:\/\/www.salzburgerheimatwerk.at\/en\/wp-json\/wp\/v2\/media?parent=290315"}],"wp:term":[{"taxonomy":"product_brand","embeddable":true,"href":"https:\/\/www.salzburgerheimatwerk.at\/en\/wp-json\/wp\/v2\/product_brand?post=290315"},{"taxonomy":"product_cat","embeddable":true,"href":"https:\/\/www.salzburgerheimatwerk.at\/en\/wp-json\/wp\/v2\/product_cat?post=290315"},{"taxonomy":"product_tag","embeddable":true,"href":"https:\/\/www.salzburgerheimatwerk.at\/en\/wp-json\/wp\/v2\/product_tag?post=290315"}],"curies":[{"name":"wp","href":"https:\/\/api.w.org\/{rel}","templated":true}]}}