{"id":290361,"date":"2022-12-24T07:26:03","date_gmt":"2022-12-24T06:26:03","guid":{"rendered":"https:\/\/www.salzburgerheimatwerk.at\/produkt\/damenjacke-mit-samtkragen\/"},"modified":"2026-04-28T18:21:11","modified_gmt":"2026-04-28T16:21:11","slug":"damenjacke-mit-samtkragen","status":"publish","type":"product","link":"https:\/\/www.salzburgerheimatwerk.at\/en\/produkt\/damenjacke-mit-samtkragen\/","title":{"rendered":"Damenjacke mit Samtkragen"},"content":{"rendered":"<p>Eine Jacke f\u00fcr viele Gelegenheiten in grauer Schurwolle. Die Samtdetails am Stehkragen sowie an den Taschen und am R\u00fccken machen das St\u00fcck zu etwas ganz besonderem. Qualit\u00e4t aus \u00d6sterreich die man sp\u00fcrt. Verspielte Details geben der Jacke die besondere Note. Die Jacke ist tailliert und kurz geschnitten. Passt perfekt zu Hosen und auch Dirndlkleidern.<\/p>\n","protected":false},"excerpt":{"rendered":"<p>Eine Jacke f\u00fcr viele Gelegenheiten in grauer Schurwolle. Die Samtdetails am Stehkragen sowie an den Taschen und am R\u00fccken machen das St\u00fcck zu etwas&#8230;<\/p>\n","protected":false},"featured_media":325268,"template":"","meta":{"_acf_changed":false},"product_brand":[],"product_cat":[304,48],"product_tag":[309],"class_list":{"0":"post-290361","1":"product","2":"type-product","3":"status-publish","4":"has-post-thumbnail","6":"pricegroup-302","7":"pricegroup-202","8":"productgroup-303","9":"productgroup-204","10":"product_cat-jacken-maentel-damentracht","11":"product_cat-damentracht","12":"product_tag-damenjacke","13":"pa_farbe-schwarz","14":"pa_farbe-grau","16":"first","17":"instock","18":"taxable","19":"shipping-taxable","20":"purchasable","21":"product-type-variable","22":"has-default-attributes"},"acf":[],"jetpack_sharing_enabled":true,"_links":{"self":[{"href":"https:\/\/www.salzburgerheimatwerk.at\/en\/wp-json\/wp\/v2\/product\/290361","targetHints":{"allow":["GET"]}}],"collection":[{"href":"https:\/\/www.salzburgerheimatwerk.at\/en\/wp-json\/wp\/v2\/product"}],"about":[{"href":"https:\/\/www.salzburgerheimatwerk.at\/en\/wp-json\/wp\/v2\/types\/product"}],"wp:featuredmedia":[{"embeddable":true,"href":"https:\/\/www.salzburgerheimatwerk.at\/en\/wp-json\/wp\/v2\/media\/325268"}],"wp:attachment":[{"href":"https:\/\/www.salzburgerheimatwerk.at\/en\/wp-json\/wp\/v2\/media?parent=290361"}],"wp:term":[{"taxonomy":"product_brand","embeddable":true,"href":"https:\/\/www.salzburgerheimatwerk.at\/en\/wp-json\/wp\/v2\/product_brand?post=290361"},{"taxonomy":"product_cat","embeddable":true,"href":"https:\/\/www.salzburgerheimatwerk.at\/en\/wp-json\/wp\/v2\/product_cat?post=290361"},{"taxonomy":"product_tag","embeddable":true,"href":"https:\/\/www.salzburgerheimatwerk.at\/en\/wp-json\/wp\/v2\/product_tag?post=290361"}],"curies":[{"name":"wp","href":"https:\/\/api.w.org\/{rel}","templated":true}]}}