{"id":291197,"date":"2023-01-05T07:22:42","date_gmt":"2023-01-05T06:22:42","guid":{"rendered":"https:\/\/www.salzburgerheimatwerk.at\/produkt\/reinseiden-handdruck-blau-rot-gruen-modeldruck\/"},"modified":"2026-04-28T18:18:26","modified_gmt":"2026-04-28T16:18:26","slug":"reinseiden-handdruck-blau-rot-gruen-modeldruck","status":"publish","type":"product","link":"https:\/\/www.salzburgerheimatwerk.at\/en\/produkt\/reinseiden-handdruck-blau-rot-gruen-modeldruck\/","title":{"rendered":"Reinseiden-Handdruck blau-rot-gr\u00fcn Modeldruck"},"content":{"rendered":"<p>Ausschlie\u00dflich 100 Prozent nat\u00fcrliche Materialien \u2013 wie diese Seide \u2013 sind f\u00fcr den Handdruck geeignet, da ihre Oberfl\u00e4chenbeschaffenheit die Farbe ideal aufnimmt. Die detailreichen Muster werden in liebevoller Handarbeit in vielen Arbeitsschritten mit Modeln aufgedruckt.<\/p>\n<p>Eignung<br \/>\nIdeal f\u00fcr Dirndlsch\u00fcrzen. <\/p>\n<p>Achtung<br \/>\nDas Schnittma\u00df bei Tuchsch\u00fcrzen betr\u00e4gt 1,1 Meter. Als Sch\u00fcrzenb\u00e4nder werden bevorzugt einf\u00e4rbige Seidentafte verwendet.<\/p>\n","protected":false},"excerpt":{"rendered":"<p>Ausschlie\u00dflich 100 Prozent nat\u00fcrliche Materialien \u2013 wie diese Seide \u2013 sind f\u00fcr den Handdruck geeignet, da ihre Oberfl\u00e4chenbeschaffenheit die Farbe ideal aufnimmt. Die detailreichen&#8230;<\/p>\n","protected":false},"featured_media":300819,"template":"","meta":{"_acf_changed":false},"product_brand":[],"product_cat":[37,192],"product_tag":[1700],"class_list":{"0":"post-291197","1":"product","2":"type-product","3":"status-publish","4":"has-post-thumbnail","6":"pricegroup-415","7":"pricegroup-165","8":"productgroup-416","9":"productgroup-173","10":"product_cat-stoffe","11":"product_cat-trachtenstoffe","12":"product_tag-handdruckseide-blau-rot-gruen-sarah","13":"pa_farbe-rot","14":"pa_farbe-mehrfarbig","15":"pa_farbe-blau","16":"pa_farbe-gruen","17":"pa_von-hand-gemacht-ja","18":"pa_zertifizierung-nachhaltig","20":"first","21":"instock","22":"taxable","23":"shipping-taxable","24":"purchasable","25":"product-type-simple"},"acf":[],"jetpack_sharing_enabled":true,"_links":{"self":[{"href":"https:\/\/www.salzburgerheimatwerk.at\/en\/wp-json\/wp\/v2\/product\/291197","targetHints":{"allow":["GET"]}}],"collection":[{"href":"https:\/\/www.salzburgerheimatwerk.at\/en\/wp-json\/wp\/v2\/product"}],"about":[{"href":"https:\/\/www.salzburgerheimatwerk.at\/en\/wp-json\/wp\/v2\/types\/product"}],"wp:featuredmedia":[{"embeddable":true,"href":"https:\/\/www.salzburgerheimatwerk.at\/en\/wp-json\/wp\/v2\/media\/300819"}],"wp:attachment":[{"href":"https:\/\/www.salzburgerheimatwerk.at\/en\/wp-json\/wp\/v2\/media?parent=291197"}],"wp:term":[{"taxonomy":"product_brand","embeddable":true,"href":"https:\/\/www.salzburgerheimatwerk.at\/en\/wp-json\/wp\/v2\/product_brand?post=291197"},{"taxonomy":"product_cat","embeddable":true,"href":"https:\/\/www.salzburgerheimatwerk.at\/en\/wp-json\/wp\/v2\/product_cat?post=291197"},{"taxonomy":"product_tag","embeddable":true,"href":"https:\/\/www.salzburgerheimatwerk.at\/en\/wp-json\/wp\/v2\/product_tag?post=291197"}],"curies":[{"name":"wp","href":"https:\/\/api.w.org\/{rel}","templated":true}]}}