{"id":291308,"date":"2023-01-05T07:30:05","date_gmt":"2023-01-05T06:30:05","guid":{"rendered":"https:\/\/www.salzburgerheimatwerk.at\/produkt\/leinen-modal-antrazith-modeldruck\/"},"modified":"2026-04-28T14:30:11","modified_gmt":"2026-04-28T12:30:11","slug":"leinen-modal-antrazith-modeldruck","status":"publish","type":"product","link":"https:\/\/www.salzburgerheimatwerk.at\/en\/produkt\/leinen-modal-antrazith-modeldruck\/","title":{"rendered":"Leinen-Modal antrazith Modeldruck"},"content":{"rendered":"<p>Dieses Halbleinen besteht aus 70 % Modal und 30 % Leinen. Modal ist eine Kunstfaser auf Zellulosebasis und hat dadurch baumwoll\u00e4hnliche Eigenschaften (weich und hautfreundlich, feuchtigkeitsregulierend). Aufgrund des hohen Anteils an Modal f\u00e4llt dieser Stoff besonders weich flie\u00dfend und ist trotzdem robust. Das Material wird in \u00d6sterreich eingef\u00e4rbt und mit traditionellen Modelmustern im dezenten Halbtondruck veredelt.<\/p>\n<p>Eignung<br \/>\nIdeal f\u00fcr Dirndl-Oberteile, R\u00f6cke und Kleider.<\/p>\n","protected":false},"excerpt":{"rendered":"<p>Dieses Halbleinen besteht aus 70 % Modal und 30 % Leinen. Modal ist eine Kunstfaser auf Zellulosebasis und hat dadurch baumwoll\u00e4hnliche Eigenschaften (weich und&#8230;<\/p>\n","protected":false},"featured_media":291309,"template":"","meta":{"_acf_changed":false},"product_brand":[],"product_cat":[192,37],"product_tag":[1735],"class_list":{"0":"post-291308","1":"product","2":"type-product","3":"status-publish","4":"has-post-thumbnail","6":"pricegroup-644","7":"pricegroup-165","8":"productgroup-173","9":"productgroup-645","10":"product_cat-trachtenstoffe","11":"product_cat-stoffe","12":"product_tag-leinen-modal-antrazith-tulpe","13":"pa_farbe-grau","14":"pa_stoffbreite-150-cm","15":"pa_zertifizierung-oeko-tex","17":"first","18":"instock","19":"taxable","20":"shipping-taxable","21":"purchasable","22":"product-type-simple"},"acf":[],"jetpack_sharing_enabled":true,"_links":{"self":[{"href":"https:\/\/www.salzburgerheimatwerk.at\/en\/wp-json\/wp\/v2\/product\/291308","targetHints":{"allow":["GET"]}}],"collection":[{"href":"https:\/\/www.salzburgerheimatwerk.at\/en\/wp-json\/wp\/v2\/product"}],"about":[{"href":"https:\/\/www.salzburgerheimatwerk.at\/en\/wp-json\/wp\/v2\/types\/product"}],"wp:featuredmedia":[{"embeddable":true,"href":"https:\/\/www.salzburgerheimatwerk.at\/en\/wp-json\/wp\/v2\/media\/291309"}],"wp:attachment":[{"href":"https:\/\/www.salzburgerheimatwerk.at\/en\/wp-json\/wp\/v2\/media?parent=291308"}],"wp:term":[{"taxonomy":"product_brand","embeddable":true,"href":"https:\/\/www.salzburgerheimatwerk.at\/en\/wp-json\/wp\/v2\/product_brand?post=291308"},{"taxonomy":"product_cat","embeddable":true,"href":"https:\/\/www.salzburgerheimatwerk.at\/en\/wp-json\/wp\/v2\/product_cat?post=291308"},{"taxonomy":"product_tag","embeddable":true,"href":"https:\/\/www.salzburgerheimatwerk.at\/en\/wp-json\/wp\/v2\/product_tag?post=291308"}],"curies":[{"name":"wp","href":"https:\/\/api.w.org\/{rel}","templated":true}]}}