{"id":291535,"date":"2023-01-20T07:16:03","date_gmt":"2023-01-20T06:16:03","guid":{"rendered":"https:\/\/www.salzburgerheimatwerk.at\/produkt\/koechertasche-aus-rindleder\/"},"modified":"2026-04-28T14:30:21","modified_gmt":"2026-04-28T12:30:21","slug":"koechertasche-aus-rindleder","status":"publish","type":"product","link":"https:\/\/www.salzburgerheimatwerk.at\/en\/produkt\/koechertasche-aus-rindleder\/","title":{"rendered":"K\u00f6chertasche aus Rindsleder"},"content":{"rendered":"<p>Sch\u00f6ne Rindsleder K\u00f6chertasche in verschiedenen Farben. Dunkelblau, Altrosa und Schwarz verf\u00fcgbar.<br \/>\nDie Beuteltasche ist sowohl elegant als auch sportlich einsetzbar.<\/p>\n","protected":false},"excerpt":{"rendered":"<p>Sch\u00f6ne Rindsleder K\u00f6chertasche in verschiedenen Farben. Dunkelblau, Altrosa und Schwarz verf\u00fcgbar.  Die Beuteltasche ist sowohl elegant als auch sportlich&#8230;<\/p>\n","protected":false},"featured_media":327940,"template":"","meta":{"_acf_changed":false},"product_brand":[],"product_cat":[48,57,58],"product_tag":[1756],"class_list":{"0":"post-291535","1":"product","2":"type-product","3":"status-publish","4":"has-post-thumbnail","6":"pricegroup-202","7":"pricegroup-322","8":"productgroup-204","9":"productgroup-323","10":"product_cat-damentracht","11":"product_cat-accessoires","12":"product_cat-schuhe-taschen","13":"product_tag-koechertasche-rindleder","15":"first","16":"instock","17":"taxable","18":"shipping-taxable","19":"purchasable","20":"product-type-simple"},"acf":[],"jetpack_sharing_enabled":true,"_links":{"self":[{"href":"https:\/\/www.salzburgerheimatwerk.at\/en\/wp-json\/wp\/v2\/product\/291535","targetHints":{"allow":["GET"]}}],"collection":[{"href":"https:\/\/www.salzburgerheimatwerk.at\/en\/wp-json\/wp\/v2\/product"}],"about":[{"href":"https:\/\/www.salzburgerheimatwerk.at\/en\/wp-json\/wp\/v2\/types\/product"}],"wp:featuredmedia":[{"embeddable":true,"href":"https:\/\/www.salzburgerheimatwerk.at\/en\/wp-json\/wp\/v2\/media\/327940"}],"wp:attachment":[{"href":"https:\/\/www.salzburgerheimatwerk.at\/en\/wp-json\/wp\/v2\/media?parent=291535"}],"wp:term":[{"taxonomy":"product_brand","embeddable":true,"href":"https:\/\/www.salzburgerheimatwerk.at\/en\/wp-json\/wp\/v2\/product_brand?post=291535"},{"taxonomy":"product_cat","embeddable":true,"href":"https:\/\/www.salzburgerheimatwerk.at\/en\/wp-json\/wp\/v2\/product_cat?post=291535"},{"taxonomy":"product_tag","embeddable":true,"href":"https:\/\/www.salzburgerheimatwerk.at\/en\/wp-json\/wp\/v2\/product_tag?post=291535"}],"curies":[{"name":"wp","href":"https:\/\/api.w.org\/{rel}","templated":true}]}}