{"id":292354,"date":"2023-02-16T07:20:03","date_gmt":"2023-02-16T06:20:03","guid":{"rendered":"https:\/\/www.salzburgerheimatwerk.at\/produkt\/reinseiden-brokat-beige-grau-streifen\/"},"modified":"2026-04-28T18:20:50","modified_gmt":"2026-04-28T16:20:50","slug":"reinseiden-brokat-beige-grau-streifen","status":"publish","type":"product","link":"https:\/\/www.salzburgerheimatwerk.at\/en\/produkt\/reinseiden-brokat-beige-grau-streifen\/","title":{"rendered":"Reinseiden-Brokat beige-grau Streifen"},"content":{"rendered":"<p>Seide wird aus dem Faden der Seidenraupe gewonnen. Durch die Verwendung unterschiedlicher Farben in Kette und Schuss entsteht der einzigartige changierende Effekt dieses edlen Materials. Brokat-Seide zeichnet sich durch eine in  sich gewebte Optik in gro\u00dfer Farb- und Mustervielfalt aus. <\/p>\n<p>Eignung<br \/>\nIdeal f\u00fcr Dirndlsch\u00fcrzen und -r\u00f6cke.<\/p>\n<p>Bitte beachten: Stoff ist quergestreift<\/p>\n","protected":false},"excerpt":{"rendered":"<p>Seide wird aus dem Faden der Seidenraupe gewonnen. Durch die Verwendung unterschiedlicher Farben in Kette und Schuss entsteht der einzigartige changierende Effekt dieses edlen&#8230;<\/p>\n","protected":false},"featured_media":292440,"template":"","meta":{"_acf_changed":false},"product_brand":[],"product_cat":[192,37],"product_tag":[1821],"class_list":{"0":"post-292354","1":"product","2":"type-product","3":"status-publish","4":"has-post-thumbnail","6":"pricegroup-415","7":"pricegroup-165","8":"productgroup-416","9":"productgroup-173","10":"product_cat-trachtenstoffe","11":"product_cat-stoffe","12":"product_tag-rs-beige-grau-streif","13":"pa_farbe-grau","14":"pa_farbe-beige","15":"pa_farbe-weiss","16":"pa_stoffbreite-150-cm","17":"pa_zertifizierung-oeko-tex","19":"first","20":"instock","21":"taxable","22":"shipping-taxable","23":"purchasable","24":"product-type-simple"},"acf":[],"jetpack_sharing_enabled":true,"_links":{"self":[{"href":"https:\/\/www.salzburgerheimatwerk.at\/en\/wp-json\/wp\/v2\/product\/292354","targetHints":{"allow":["GET"]}}],"collection":[{"href":"https:\/\/www.salzburgerheimatwerk.at\/en\/wp-json\/wp\/v2\/product"}],"about":[{"href":"https:\/\/www.salzburgerheimatwerk.at\/en\/wp-json\/wp\/v2\/types\/product"}],"wp:featuredmedia":[{"embeddable":true,"href":"https:\/\/www.salzburgerheimatwerk.at\/en\/wp-json\/wp\/v2\/media\/292440"}],"wp:attachment":[{"href":"https:\/\/www.salzburgerheimatwerk.at\/en\/wp-json\/wp\/v2\/media?parent=292354"}],"wp:term":[{"taxonomy":"product_brand","embeddable":true,"href":"https:\/\/www.salzburgerheimatwerk.at\/en\/wp-json\/wp\/v2\/product_brand?post=292354"},{"taxonomy":"product_cat","embeddable":true,"href":"https:\/\/www.salzburgerheimatwerk.at\/en\/wp-json\/wp\/v2\/product_cat?post=292354"},{"taxonomy":"product_tag","embeddable":true,"href":"https:\/\/www.salzburgerheimatwerk.at\/en\/wp-json\/wp\/v2\/product_tag?post=292354"}],"curies":[{"name":"wp","href":"https:\/\/api.w.org\/{rel}","templated":true}]}}