{"id":292366,"date":"2023-02-16T07:20:24","date_gmt":"2023-02-16T06:20:24","guid":{"rendered":"https:\/\/www.salzburgerheimatwerk.at\/produkt\/seide-baumwoll-brokat-rosa-gruen-streifen\/"},"modified":"2026-04-28T18:21:02","modified_gmt":"2026-04-28T16:21:02","slug":"seide-baumwoll-brokat-rosa-gruen-streifen","status":"publish","type":"product","link":"https:\/\/www.salzburgerheimatwerk.at\/en\/produkt\/seide-baumwoll-brokat-rosa-gruen-streifen\/","title":{"rendered":"Seide-Baumwoll-Brokat rosa-gr\u00fcn Streifen"},"content":{"rendered":"<p>Brokat aus einer feinen Baumwoll-Seide-Mischung. Brokat-Seide zeichnet sich durch eine in sich gewebte Optik in gro\u00dfer Mustervielfalt aus. <\/p>\n<p>Eignung Ideal f\u00fcr Dirndlr\u00f6cke und -sch\u00fcrzen, R\u00f6cke<\/p>\n<p>Bitte beachten: Stoff ist quergestreift<\/p>\n","protected":false},"excerpt":{"rendered":"<p>Brokat aus einer feinen Baumwoll-Seide-Mischung. Brokat-Seide zeichnet sich durch eine in sich gewebte Optik in gro\u00dfer Mustervielfalt aus.   Eignung Ideal f\u00fcr Dirndlr\u00f6cke&#8230;<\/p>\n","protected":false},"featured_media":292446,"template":"","meta":{"_acf_changed":false},"product_brand":[],"product_cat":[37,192],"product_tag":[1827],"class_list":{"0":"post-292366","1":"product","2":"type-product","3":"status-publish","4":"has-post-thumbnail","6":"pricegroup-165","7":"pricegroup-540","8":"productgroup-173","9":"productgroup-541","10":"product_cat-stoffe","11":"product_cat-trachtenstoffe","12":"product_tag-se-bw-rosa-gruen-streifen","13":"pa_farbe-gruen","14":"pa_farbe-rosa","15":"pa_stoffbreite-150-cm","16":"pa_zertifizierung-oeko-tex","18":"first","19":"instock","20":"taxable","21":"shipping-taxable","22":"purchasable","23":"product-type-simple"},"acf":[],"jetpack_sharing_enabled":true,"_links":{"self":[{"href":"https:\/\/www.salzburgerheimatwerk.at\/en\/wp-json\/wp\/v2\/product\/292366","targetHints":{"allow":["GET"]}}],"collection":[{"href":"https:\/\/www.salzburgerheimatwerk.at\/en\/wp-json\/wp\/v2\/product"}],"about":[{"href":"https:\/\/www.salzburgerheimatwerk.at\/en\/wp-json\/wp\/v2\/types\/product"}],"wp:featuredmedia":[{"embeddable":true,"href":"https:\/\/www.salzburgerheimatwerk.at\/en\/wp-json\/wp\/v2\/media\/292446"}],"wp:attachment":[{"href":"https:\/\/www.salzburgerheimatwerk.at\/en\/wp-json\/wp\/v2\/media?parent=292366"}],"wp:term":[{"taxonomy":"product_brand","embeddable":true,"href":"https:\/\/www.salzburgerheimatwerk.at\/en\/wp-json\/wp\/v2\/product_brand?post=292366"},{"taxonomy":"product_cat","embeddable":true,"href":"https:\/\/www.salzburgerheimatwerk.at\/en\/wp-json\/wp\/v2\/product_cat?post=292366"},{"taxonomy":"product_tag","embeddable":true,"href":"https:\/\/www.salzburgerheimatwerk.at\/en\/wp-json\/wp\/v2\/product_tag?post=292366"}],"curies":[{"name":"wp","href":"https:\/\/api.w.org\/{rel}","templated":true}]}}