{"id":292372,"date":"2023-02-16T07:20:36","date_gmt":"2023-02-16T06:20:36","guid":{"rendered":"https:\/\/www.salzburgerheimatwerk.at\/produkt\/seide-baumwollbrokat-mehrfaerbig-allover\/"},"modified":"2026-04-28T18:21:02","modified_gmt":"2026-04-28T16:21:02","slug":"seide-baumwollbrokat-mehrfaerbig-allover","status":"publish","type":"product","link":"https:\/\/www.salzburgerheimatwerk.at\/en\/produkt\/seide-baumwollbrokat-mehrfaerbig-allover\/","title":{"rendered":"Seide-Baumwollbrokat mehrf\u00e4rbig Allover"},"content":{"rendered":"<p>Brokat aus einer feinen Baumwoll-Seide-Mischung. Brokat-Seide zeichnet sich durch eine in sich gewebte Optik in gro\u00dfer Mustervielfalt aus. <\/p>\n<p>Eignung<br \/>\nIdeal f\u00fcr Dirndloberteile, -r\u00f6cke und -sch\u00fcrzen, Spencer, Jacken sowie elegante Abendkleidung.<\/p>\n","protected":false},"excerpt":{"rendered":"<p>Brokat aus einer feinen Baumwoll-Seide-Mischung. Brokat-Seide zeichnet sich durch eine in sich gewebte Optik in gro\u00dfer Mustervielfalt aus.   Eignung Ideal f\u00fcr Dirndloberteile,&#8230;<\/p>\n","protected":false},"featured_media":292449,"template":"","meta":{"_acf_changed":false},"product_brand":[],"product_cat":[37,192],"product_tag":[1830],"class_list":{"0":"post-292372","1":"product","2":"type-product","3":"status-publish","4":"has-post-thumbnail","6":"pricegroup-540","7":"pricegroup-165","8":"productgroup-541","9":"productgroup-173","10":"product_cat-stoffe","11":"product_cat-trachtenstoffe","12":"product_tag-se-bw-gruen-blau-lara","13":"pa_farbe-mehrfarbig","14":"pa_farbe-blau","15":"pa_farbe-gruen","16":"pa_stoffbreite-150-cm","17":"pa_zertifizierung-oeko-tex","19":"first","20":"instock","21":"taxable","22":"shipping-taxable","23":"purchasable","24":"product-type-simple"},"acf":[],"jetpack_sharing_enabled":true,"_links":{"self":[{"href":"https:\/\/www.salzburgerheimatwerk.at\/en\/wp-json\/wp\/v2\/product\/292372","targetHints":{"allow":["GET"]}}],"collection":[{"href":"https:\/\/www.salzburgerheimatwerk.at\/en\/wp-json\/wp\/v2\/product"}],"about":[{"href":"https:\/\/www.salzburgerheimatwerk.at\/en\/wp-json\/wp\/v2\/types\/product"}],"wp:featuredmedia":[{"embeddable":true,"href":"https:\/\/www.salzburgerheimatwerk.at\/en\/wp-json\/wp\/v2\/media\/292449"}],"wp:attachment":[{"href":"https:\/\/www.salzburgerheimatwerk.at\/en\/wp-json\/wp\/v2\/media?parent=292372"}],"wp:term":[{"taxonomy":"product_brand","embeddable":true,"href":"https:\/\/www.salzburgerheimatwerk.at\/en\/wp-json\/wp\/v2\/product_brand?post=292372"},{"taxonomy":"product_cat","embeddable":true,"href":"https:\/\/www.salzburgerheimatwerk.at\/en\/wp-json\/wp\/v2\/product_cat?post=292372"},{"taxonomy":"product_tag","embeddable":true,"href":"https:\/\/www.salzburgerheimatwerk.at\/en\/wp-json\/wp\/v2\/product_tag?post=292372"}],"curies":[{"name":"wp","href":"https:\/\/api.w.org\/{rel}","templated":true}]}}