{"id":292380,"date":"2023-02-16T07:20:44","date_gmt":"2023-02-16T06:20:44","guid":{"rendered":"https:\/\/www.salzburgerheimatwerk.at\/produkt\/seide-viskose-brokat-rosenholz-streifen\/"},"modified":"2026-04-28T18:21:02","modified_gmt":"2026-04-28T16:21:02","slug":"seide-viskose-brokat-rosenholz-streifen","status":"publish","type":"product","link":"https:\/\/www.salzburgerheimatwerk.at\/en\/produkt\/seide-viskose-brokat-rosenholz-streifen\/","title":{"rendered":"Seide-Viskose-Brokat rosenholz Streifen"},"content":{"rendered":"<p>W\u00e4hrend Seide aus dem Faden der Seidenraupe gewonnen wird, besteht Viskose aus regenerierter Zellulose.<br \/>\nDurch die Verwendung beider Materialien erh\u00e4lt dieser Stoff eine besonders sch\u00f6ne plastische Optik.<\/p>\n<p>Eignung<br \/>\nIdeal f\u00fcr Dirndloberteile, -r\u00f6cke und -sch\u00fcrzen, Spencer, Jacken sowie elegante Abendkleidung.<\/p>\n","protected":false},"excerpt":{"rendered":"<p>W\u00e4hrend Seide aus dem Faden der Seidenraupe gewonnen wird, besteht Viskose aus regenerierter Zellulose.  Durch die Verwendung beider Materialien erh\u00e4lt dieser Stoff eine&#8230;<\/p>\n","protected":false},"featured_media":292453,"template":"","meta":{"_acf_changed":false},"product_brand":[],"product_cat":[37,192],"product_tag":[1834],"class_list":{"0":"post-292380","1":"product","2":"type-product","3":"status-publish","4":"has-post-thumbnail","6":"pricegroup-540","7":"pricegroup-165","8":"productgroup-541","9":"productgroup-173","10":"product_cat-stoffe","11":"product_cat-trachtenstoffe","12":"product_tag-se-vi-rosenholz-streif","13":"pa_farbe-rosa","14":"pa_stoffbreite-150-cm","15":"pa_zertifizierung-oeko-tex","17":"first","18":"instock","19":"taxable","20":"shipping-taxable","21":"purchasable","22":"product-type-simple"},"acf":[],"jetpack_sharing_enabled":true,"_links":{"self":[{"href":"https:\/\/www.salzburgerheimatwerk.at\/en\/wp-json\/wp\/v2\/product\/292380","targetHints":{"allow":["GET"]}}],"collection":[{"href":"https:\/\/www.salzburgerheimatwerk.at\/en\/wp-json\/wp\/v2\/product"}],"about":[{"href":"https:\/\/www.salzburgerheimatwerk.at\/en\/wp-json\/wp\/v2\/types\/product"}],"wp:featuredmedia":[{"embeddable":true,"href":"https:\/\/www.salzburgerheimatwerk.at\/en\/wp-json\/wp\/v2\/media\/292453"}],"wp:attachment":[{"href":"https:\/\/www.salzburgerheimatwerk.at\/en\/wp-json\/wp\/v2\/media?parent=292380"}],"wp:term":[{"taxonomy":"product_brand","embeddable":true,"href":"https:\/\/www.salzburgerheimatwerk.at\/en\/wp-json\/wp\/v2\/product_brand?post=292380"},{"taxonomy":"product_cat","embeddable":true,"href":"https:\/\/www.salzburgerheimatwerk.at\/en\/wp-json\/wp\/v2\/product_cat?post=292380"},{"taxonomy":"product_tag","embeddable":true,"href":"https:\/\/www.salzburgerheimatwerk.at\/en\/wp-json\/wp\/v2\/product_tag?post=292380"}],"curies":[{"name":"wp","href":"https:\/\/api.w.org\/{rel}","templated":true}]}}