{"id":292681,"date":"2023-03-07T07:16:04","date_gmt":"2023-03-07T06:16:04","guid":{"rendered":"https:\/\/www.salzburgerheimatwerk.at\/produkt\/reinseden-taft-rot-rost-uni-2\/"},"modified":"2026-04-28T18:22:19","modified_gmt":"2026-04-28T16:22:19","slug":"reinseden-taft-rot-rost-uni-2","status":"publish","type":"product","link":"https:\/\/www.salzburgerheimatwerk.at\/en\/produkt\/reinseden-taft-rot-rost-uni-2\/","title":{"rendered":"Reinseden-Taft rot-rost Uni"},"content":{"rendered":"<p>Seide wird aus dem Faden der Seidenraupe gewonnen. Durch die Verwendung unterschiedlicher Farben in Kette und Schuss entsteht der einzigartige changierende Effekt dieses edlen Materials. <\/p>\n<p>Eignung<br \/>\nIdeal f\u00fcr Dirndlr\u00f6cke und -sch\u00fcrzen sowie elegante Abendkleidung.<\/p>\n","protected":false},"excerpt":{"rendered":"<p>Seide wird aus dem Faden der Seidenraupe gewonnen. Durch die Verwendung unterschiedlicher Farben in Kette und Schuss entsteht der einzigartige changierende Effekt dieses edlen&#8230;<\/p>\n","protected":false},"featured_media":328575,"template":"","meta":{"_acf_changed":false},"product_brand":[],"product_cat":[192,37],"product_tag":[688],"class_list":{"0":"post-292681","1":"product","2":"type-product","3":"status-publish","4":"has-post-thumbnail","6":"pricegroup-415","7":"pricegroup-165","8":"productgroup-416","9":"productgroup-173","10":"product_cat-trachtenstoffe","11":"product_cat-stoffe","12":"product_tag-rs-taft-rot-rost-uni","13":"pa_farbe-orange","14":"pa_farbe-rot","15":"pa_stoffbreite-150-cm","16":"pa_zertifizierung-oeko-tex","18":"first","19":"instock","20":"taxable","21":"shipping-taxable","22":"purchasable","23":"product-type-simple"},"acf":[],"jetpack_sharing_enabled":true,"_links":{"self":[{"href":"https:\/\/www.salzburgerheimatwerk.at\/en\/wp-json\/wp\/v2\/product\/292681","targetHints":{"allow":["GET"]}}],"collection":[{"href":"https:\/\/www.salzburgerheimatwerk.at\/en\/wp-json\/wp\/v2\/product"}],"about":[{"href":"https:\/\/www.salzburgerheimatwerk.at\/en\/wp-json\/wp\/v2\/types\/product"}],"wp:featuredmedia":[{"embeddable":true,"href":"https:\/\/www.salzburgerheimatwerk.at\/en\/wp-json\/wp\/v2\/media\/328575"}],"wp:attachment":[{"href":"https:\/\/www.salzburgerheimatwerk.at\/en\/wp-json\/wp\/v2\/media?parent=292681"}],"wp:term":[{"taxonomy":"product_brand","embeddable":true,"href":"https:\/\/www.salzburgerheimatwerk.at\/en\/wp-json\/wp\/v2\/product_brand?post=292681"},{"taxonomy":"product_cat","embeddable":true,"href":"https:\/\/www.salzburgerheimatwerk.at\/en\/wp-json\/wp\/v2\/product_cat?post=292681"},{"taxonomy":"product_tag","embeddable":true,"href":"https:\/\/www.salzburgerheimatwerk.at\/en\/wp-json\/wp\/v2\/product_tag?post=292681"}],"curies":[{"name":"wp","href":"https:\/\/api.w.org\/{rel}","templated":true}]}}