{"id":292750,"date":"2023-03-14T07:16:19","date_gmt":"2023-03-14T06:16:19","guid":{"rendered":"https:\/\/www.salzburgerheimatwerk.at\/produkt\/strickjacke-mit-rueschen-und-schoesserl\/"},"modified":"2026-04-28T18:21:12","modified_gmt":"2026-04-28T16:21:12","slug":"strickjacke-mit-rueschen-und-schoesserl","status":"publish","type":"product","link":"https:\/\/www.salzburgerheimatwerk.at\/en\/produkt\/strickjacke-mit-rueschen-und-schoesserl\/","title":{"rendered":"Strickjacke mit R\u00fcschen und Sch\u00f6sserl blau"},"content":{"rendered":"<p>Tailliert geschnittenes Strickjackerl mit Sch\u00f6sserl und R\u00fcschen. Ein herrlicher Begleiter zu Dirndl und Hose. 100% Merinowolle &#8211; Qualit\u00e4t aus \u00d6sterreich.<\/p>\n","protected":false},"excerpt":{"rendered":"<p>Tailliert geschnittenes Strickjackerl mit Sch\u00f6sserl und R\u00fcschen. Ein herrlicher Begleiter zu Dirndl und Hose. 100% Merinowolle &#8211; Qualit\u00e4t aus&#8230;<\/p>\n","protected":false},"featured_media":325289,"template":"","meta":{"_acf_changed":false},"product_brand":[],"product_cat":[48,53],"product_tag":[237],"class_list":{"0":"post-292750","1":"product","2":"type-product","3":"status-publish","4":"has-post-thumbnail","6":"pricegroup-232","7":"pricegroup-202","8":"productgroup-233","9":"productgroup-204","10":"product_cat-damentracht","11":"product_cat-strick-walk","12":"product_tag-strickjacke","13":"pa_farbe-blau","15":"first","16":"instock","17":"taxable","18":"shipping-taxable","19":"purchasable","20":"product-type-variable","21":"has-default-attributes"},"acf":[],"jetpack_sharing_enabled":true,"_links":{"self":[{"href":"https:\/\/www.salzburgerheimatwerk.at\/en\/wp-json\/wp\/v2\/product\/292750","targetHints":{"allow":["GET"]}}],"collection":[{"href":"https:\/\/www.salzburgerheimatwerk.at\/en\/wp-json\/wp\/v2\/product"}],"about":[{"href":"https:\/\/www.salzburgerheimatwerk.at\/en\/wp-json\/wp\/v2\/types\/product"}],"wp:featuredmedia":[{"embeddable":true,"href":"https:\/\/www.salzburgerheimatwerk.at\/en\/wp-json\/wp\/v2\/media\/325289"}],"wp:attachment":[{"href":"https:\/\/www.salzburgerheimatwerk.at\/en\/wp-json\/wp\/v2\/media?parent=292750"}],"wp:term":[{"taxonomy":"product_brand","embeddable":true,"href":"https:\/\/www.salzburgerheimatwerk.at\/en\/wp-json\/wp\/v2\/product_brand?post=292750"},{"taxonomy":"product_cat","embeddable":true,"href":"https:\/\/www.salzburgerheimatwerk.at\/en\/wp-json\/wp\/v2\/product_cat?post=292750"},{"taxonomy":"product_tag","embeddable":true,"href":"https:\/\/www.salzburgerheimatwerk.at\/en\/wp-json\/wp\/v2\/product_tag?post=292750"}],"curies":[{"name":"wp","href":"https:\/\/api.w.org\/{rel}","templated":true}]}}