{"id":292815,"date":"2023-03-14T07:18:12","date_gmt":"2023-03-14T06:18:12","guid":{"rendered":"https:\/\/www.salzburgerheimatwerk.at\/produkt\/dirndl-pia\/"},"modified":"2026-04-28T21:23:11","modified_gmt":"2026-04-28T19:23:11","slug":"dirndl-pia","status":"publish","type":"product","link":"https:\/\/www.salzburgerheimatwerk.at\/en\/produkt\/dirndl-pia\/","title":{"rendered":"Heimatwerk Dirndl Pia"},"content":{"rendered":"<p>Ein Dirndl f\u00fcr jeden Anlass &#8211; einfach und unkompliziert. So pr\u00e4sentiert sich unser neues Dirndl &#8220;Pia&#8221; &#8211; mit blitzblauem Leinenoberteil im Miederschnitt, Rock in Falten gelegt im trendigen Allover Print. Sch\u00fcrze entweder in hellblauem Sch\u00fcrzenleinen oder rot gestreift. Passende Strickjacken und Strohh\u00fcte komplettieren das Outfit. Ein Dirndl das man einfach gern haben muss!<\/p>\n","protected":false},"excerpt":{"rendered":"<p>Ein Dirndl f\u00fcr jeden Anlass &#8211; einfach und unkompliziert. So pr\u00e4sentiert sich unser neues Dirndl &#8220;Pia&#8221; &#8211; mit blitzblauem Leinenoberteil im Miederschnitt, Rock in&#8230;<\/p>\n","protected":false},"featured_media":343928,"template":"","meta":{"_acf_changed":false},"product_brand":[],"product_cat":[48,49],"product_tag":[1886],"class_list":{"0":"post-292815","1":"product","2":"type-product","3":"status-publish","4":"has-post-thumbnail","6":"pricegroup-202","7":"pricegroup-312","8":"productgroup-313","9":"productgroup-204","10":"product_cat-damentracht","11":"product_cat-dirndl-kleider","12":"product_tag-dirndl-pia","13":"pa_farbe-mehrfarbig","14":"pa_farbe-blau","16":"first","17":"instock","18":"taxable","19":"shipping-taxable","20":"purchasable","21":"product-type-variable","22":"has-default-attributes"},"acf":[],"jetpack_sharing_enabled":true,"_links":{"self":[{"href":"https:\/\/www.salzburgerheimatwerk.at\/en\/wp-json\/wp\/v2\/product\/292815","targetHints":{"allow":["GET"]}}],"collection":[{"href":"https:\/\/www.salzburgerheimatwerk.at\/en\/wp-json\/wp\/v2\/product"}],"about":[{"href":"https:\/\/www.salzburgerheimatwerk.at\/en\/wp-json\/wp\/v2\/types\/product"}],"wp:featuredmedia":[{"embeddable":true,"href":"https:\/\/www.salzburgerheimatwerk.at\/en\/wp-json\/wp\/v2\/media\/343928"}],"wp:attachment":[{"href":"https:\/\/www.salzburgerheimatwerk.at\/en\/wp-json\/wp\/v2\/media?parent=292815"}],"wp:term":[{"taxonomy":"product_brand","embeddable":true,"href":"https:\/\/www.salzburgerheimatwerk.at\/en\/wp-json\/wp\/v2\/product_brand?post=292815"},{"taxonomy":"product_cat","embeddable":true,"href":"https:\/\/www.salzburgerheimatwerk.at\/en\/wp-json\/wp\/v2\/product_cat?post=292815"},{"taxonomy":"product_tag","embeddable":true,"href":"https:\/\/www.salzburgerheimatwerk.at\/en\/wp-json\/wp\/v2\/product_tag?post=292815"}],"curies":[{"name":"wp","href":"https:\/\/api.w.org\/{rel}","templated":true}]}}