{"id":292843,"date":"2023-03-14T07:18:37","date_gmt":"2023-03-14T06:18:37","guid":{"rendered":"https:\/\/www.salzburgerheimatwerk.at\/produkt\/dirndl-flora\/"},"modified":"2026-04-28T18:23:09","modified_gmt":"2026-04-28T16:23:09","slug":"dirndl-flora","status":"publish","type":"product","link":"https:\/\/www.salzburgerheimatwerk.at\/en\/produkt\/dirndl-flora\/","title":{"rendered":"Heimatwerk Dirndl Flora"},"content":{"rendered":"<p>Unser Dirndl &#8220;Flora&#8221; besticht durch seinen herrlichen Leinenoberteil in sommerlichem Creme-Gelb im Miederschnitt mit Kn\u00f6pfen. Der trendige Rock ist in Falten gelegt und in einer 70er L\u00e4nge perfekt f\u00fcr jeden Anla\u00df. Der Baumwolldruck auf der Sch\u00fcrze verspr\u00fcht regelrecht Fr\u00fchlingsgef\u00fchle. Mit schwarzer oder wei\u00dfer Bluse getragen ist dieses Dirndl ein Hingucker bei jeder Feierlichkeit. Passend dazu kann ein eleganter Strohhut gew\u00e4hlt werden.<\/p>\n","protected":false},"excerpt":{"rendered":"<p>Unser Dirndl &#8220;Flora&#8221; besticht durch seinen herrlichen Leinenoberteil in sommerlichem Creme-Gelb im Miederschnitt mit Kn\u00f6pfen. Der trendige Rock ist in Falten gelegt und in&#8230;<\/p>\n","protected":false},"featured_media":329324,"template":"","meta":{"_acf_changed":false},"product_brand":[],"product_cat":[48,49,1220],"product_tag":[1039],"class_list":{"0":"post-292843","1":"product","2":"type-product","3":"status-publish","4":"has-post-thumbnail","6":"pricegroup-312","7":"pricegroup-202","8":"productgroup-313","9":"productgroup-204","10":"product_cat-damentracht","11":"product_cat-dirndl-kleider","12":"product_cat-sale","13":"product_tag-dirndl-flora","14":"pa_eigenmarke-ja","15":"pa_farbe-schwarz","16":"pa_farbe-mehrfarbig","17":"pa_farbe-gelb","18":"pa_von-hand-gemacht-ja","20":"first","21":"instock","22":"sale","23":"taxable","24":"shipping-taxable","25":"purchasable","26":"product-type-variable","27":"has-default-attributes"},"acf":[],"jetpack_sharing_enabled":true,"_links":{"self":[{"href":"https:\/\/www.salzburgerheimatwerk.at\/en\/wp-json\/wp\/v2\/product\/292843","targetHints":{"allow":["GET"]}}],"collection":[{"href":"https:\/\/www.salzburgerheimatwerk.at\/en\/wp-json\/wp\/v2\/product"}],"about":[{"href":"https:\/\/www.salzburgerheimatwerk.at\/en\/wp-json\/wp\/v2\/types\/product"}],"wp:featuredmedia":[{"embeddable":true,"href":"https:\/\/www.salzburgerheimatwerk.at\/en\/wp-json\/wp\/v2\/media\/329324"}],"wp:attachment":[{"href":"https:\/\/www.salzburgerheimatwerk.at\/en\/wp-json\/wp\/v2\/media?parent=292843"}],"wp:term":[{"taxonomy":"product_brand","embeddable":true,"href":"https:\/\/www.salzburgerheimatwerk.at\/en\/wp-json\/wp\/v2\/product_brand?post=292843"},{"taxonomy":"product_cat","embeddable":true,"href":"https:\/\/www.salzburgerheimatwerk.at\/en\/wp-json\/wp\/v2\/product_cat?post=292843"},{"taxonomy":"product_tag","embeddable":true,"href":"https:\/\/www.salzburgerheimatwerk.at\/en\/wp-json\/wp\/v2\/product_tag?post=292843"}],"curies":[{"name":"wp","href":"https:\/\/api.w.org\/{rel}","templated":true}]}}