{"id":292924,"date":"2023-03-15T07:18:37","date_gmt":"2023-03-15T06:18:37","guid":{"rendered":"https:\/\/www.salzburgerheimatwerk.at\/produkt\/strickjacke-mit-revers\/"},"modified":"2026-04-28T18:23:07","modified_gmt":"2026-04-28T16:23:07","slug":"strickjacke-mit-revers","status":"publish","type":"product","link":"https:\/\/www.salzburgerheimatwerk.at\/en\/produkt\/strickjacke-mit-revers\/","title":{"rendered":"Strickjacke mit Revers"},"content":{"rendered":"<p>Mit dieser Strickjacke von der Salzburger Firma &#8220;Mirabell Salzburg&#8221; aus reiner Wolle sind Sie perfekt gekleidet f\u00fcr jeden Anlass. Die Jacke zeichnet sich durch einen Stehkragen mit Revers und Hirschhornkn\u00f6pfen und zwei Eingrifftaschen aus. Schulterpolster k\u00f6nnen herausgenommen werden.<\/p>\n","protected":false},"excerpt":{"rendered":"<p>Mit dieser Strickjacke von der Salzburger Firma &#8220;Mirabell Salzburg&#8221; aus reiner Wolle sind Sie perfekt gekleidet f\u00fcr jeden Anlass. Die Jacke zeichnet sich durch&#8230;<\/p>\n","protected":false},"featured_media":325283,"template":"","meta":{"_acf_changed":false},"product_brand":[],"product_cat":[48,53],"product_tag":[1894],"class_list":{"0":"post-292924","1":"product","2":"type-product","3":"status-publish","4":"has-post-thumbnail","6":"pricegroup-232","7":"pricegroup-202","8":"productgroup-233","9":"productgroup-204","10":"product_cat-damentracht","11":"product_cat-strick-walk","12":"product_tag-reversjacke","13":"pa_farbe-gruen","14":"pa_farbe-braun","16":"first","17":"instock","18":"taxable","19":"shipping-taxable","20":"purchasable","21":"product-type-variable"},"acf":[],"jetpack_sharing_enabled":true,"_links":{"self":[{"href":"https:\/\/www.salzburgerheimatwerk.at\/en\/wp-json\/wp\/v2\/product\/292924","targetHints":{"allow":["GET"]}}],"collection":[{"href":"https:\/\/www.salzburgerheimatwerk.at\/en\/wp-json\/wp\/v2\/product"}],"about":[{"href":"https:\/\/www.salzburgerheimatwerk.at\/en\/wp-json\/wp\/v2\/types\/product"}],"wp:featuredmedia":[{"embeddable":true,"href":"https:\/\/www.salzburgerheimatwerk.at\/en\/wp-json\/wp\/v2\/media\/325283"}],"wp:attachment":[{"href":"https:\/\/www.salzburgerheimatwerk.at\/en\/wp-json\/wp\/v2\/media?parent=292924"}],"wp:term":[{"taxonomy":"product_brand","embeddable":true,"href":"https:\/\/www.salzburgerheimatwerk.at\/en\/wp-json\/wp\/v2\/product_brand?post=292924"},{"taxonomy":"product_cat","embeddable":true,"href":"https:\/\/www.salzburgerheimatwerk.at\/en\/wp-json\/wp\/v2\/product_cat?post=292924"},{"taxonomy":"product_tag","embeddable":true,"href":"https:\/\/www.salzburgerheimatwerk.at\/en\/wp-json\/wp\/v2\/product_tag?post=292924"}],"curies":[{"name":"wp","href":"https:\/\/api.w.org\/{rel}","templated":true}]}}