{"id":293086,"date":"2023-03-25T07:16:03","date_gmt":"2023-03-25T06:16:03","guid":{"rendered":"https:\/\/www.salzburgerheimatwerk.at\/produkt\/antikbock-rauleder-2\/"},"modified":"2026-04-28T18:23:08","modified_gmt":"2026-04-28T16:23:08","slug":"antikbock-rauleder-2","status":"publish","type":"product","link":"https:\/\/www.salzburgerheimatwerk.at\/en\/produkt\/antikbock-rauleder-2\/","title":{"rendered":"Antikbock Rauleder"},"content":{"rendered":"<p>Herren Haferlschuh mit Antikbock-Rauleder und seitlicher Schn\u00fcrung von Dirndl und Bua. Ein zeitloser Klassiker der mit der Zeit nur noch sch\u00f6ner wird. F\u00fcr die Gerbung werden fast ausschlie\u00dflich pflanzliche Stoffe verwendet, wie zum Beispiel das Extrakt der Schwarzholzakazie. Durch die Verwendung nat\u00fcrlicher Materialien wird auf Mensch und Natur R\u00fccksicht genommen.<\/p>\n","protected":false},"excerpt":{"rendered":"<p>Herren Haferlschuh mit Antikbock-Rauleder und seitlicher Schn\u00fcrung von Dirndl und Bua. Ein zeitloser Klassiker der mit der Zeit nur noch sch\u00f6ner wird. F\u00fcr die&#8230;<\/p>\n","protected":false},"featured_media":343397,"template":"","meta":{"_acf_changed":false},"product_brand":[],"product_cat":[59,66],"product_tag":[1184],"class_list":{"0":"post-293086","1":"product","2":"type-product","3":"status-publish","4":"has-post-thumbnail","6":"pricegroup-621","7":"pricegroup-166","8":"productgroup-622","9":"productgroup-174","10":"product_cat-herrentracht","11":"product_cat-schuhe-stutzen","12":"product_tag-herrenschuhe","13":"pa_farbe-braun","15":"first","16":"instock","17":"taxable","18":"shipping-taxable","19":"purchasable","20":"product-type-variable","21":"has-default-attributes"},"acf":[],"jetpack_sharing_enabled":true,"_links":{"self":[{"href":"https:\/\/www.salzburgerheimatwerk.at\/en\/wp-json\/wp\/v2\/product\/293086","targetHints":{"allow":["GET"]}}],"collection":[{"href":"https:\/\/www.salzburgerheimatwerk.at\/en\/wp-json\/wp\/v2\/product"}],"about":[{"href":"https:\/\/www.salzburgerheimatwerk.at\/en\/wp-json\/wp\/v2\/types\/product"}],"wp:featuredmedia":[{"embeddable":true,"href":"https:\/\/www.salzburgerheimatwerk.at\/en\/wp-json\/wp\/v2\/media\/343397"}],"wp:attachment":[{"href":"https:\/\/www.salzburgerheimatwerk.at\/en\/wp-json\/wp\/v2\/media?parent=293086"}],"wp:term":[{"taxonomy":"product_brand","embeddable":true,"href":"https:\/\/www.salzburgerheimatwerk.at\/en\/wp-json\/wp\/v2\/product_brand?post=293086"},{"taxonomy":"product_cat","embeddable":true,"href":"https:\/\/www.salzburgerheimatwerk.at\/en\/wp-json\/wp\/v2\/product_cat?post=293086"},{"taxonomy":"product_tag","embeddable":true,"href":"https:\/\/www.salzburgerheimatwerk.at\/en\/wp-json\/wp\/v2\/product_tag?post=293086"}],"curies":[{"name":"wp","href":"https:\/\/api.w.org\/{rel}","templated":true}]}}