{"id":293169,"date":"2023-03-27T08:16:27","date_gmt":"2023-03-27T06:16:27","guid":{"rendered":"https:\/\/www.salzburgerheimatwerk.at\/produkt\/damenrock-mit-stretchbund-in-midi-laenge\/"},"modified":"2026-04-28T20:21:10","modified_gmt":"2026-04-28T18:21:10","slug":"damenrock-mit-stretchbund-in-midi-laenge","status":"publish","type":"product","link":"https:\/\/www.salzburgerheimatwerk.at\/en\/produkt\/damenrock-mit-stretchbund-in-midi-laenge\/","title":{"rendered":"Damenrock violett"},"content":{"rendered":"<p>Herrlicher Rock in Midi L\u00e4nge in Lila von Kiga Mathe. Der knieumspielende Rock besticht durch seine schwingende Form und dem umlaufende B\u00fcndchen aus Stretch, der ein angenehmes Tragegef\u00fchl verspricht. Mit seiner schwingenden Form und dem zarten Lila-Wei\u00df Ton ist der Rock ein Must-Have f\u00fcr die Fr\u00fchlingszeit. Er wird in der Taille getragen und verf\u00fcgt \u00fcber einen eingen\u00e4hten Unterrock.<\/p>\n<p>56% Leinen<br \/>\n44% Baumwolle<\/p>\n","protected":false},"excerpt":{"rendered":"<p>Herrlicher Rock in Midi L\u00e4nge in Lila von Kiga Mathe. Der knieumspielende Rock besticht durch seine schwingende Form und dem umlaufende B\u00fcndchen aus Stretch,&#8230;<\/p>\n","protected":false},"featured_media":325304,"template":"","meta":{"_acf_changed":false},"product_brand":[],"product_cat":[48,50,1220],"product_tag":[1922],"class_list":{"0":"post-293169","1":"product","2":"type-product","3":"status-publish","4":"has-post-thumbnail","6":"pricegroup-289","7":"pricegroup-202","8":"productgroup-204","9":"productgroup-290","10":"product_cat-damentracht","11":"product_cat-roecke-hosen","12":"product_cat-sale","13":"product_tag-damenrock","14":"pa_farbe-lila","15":"pa_farbe-mehrfarbig","17":"first","18":"instock","19":"sale","20":"taxable","21":"shipping-taxable","22":"purchasable","23":"product-type-variable","24":"has-default-attributes"},"acf":[],"jetpack_sharing_enabled":true,"_links":{"self":[{"href":"https:\/\/www.salzburgerheimatwerk.at\/en\/wp-json\/wp\/v2\/product\/293169","targetHints":{"allow":["GET"]}}],"collection":[{"href":"https:\/\/www.salzburgerheimatwerk.at\/en\/wp-json\/wp\/v2\/product"}],"about":[{"href":"https:\/\/www.salzburgerheimatwerk.at\/en\/wp-json\/wp\/v2\/types\/product"}],"wp:featuredmedia":[{"embeddable":true,"href":"https:\/\/www.salzburgerheimatwerk.at\/en\/wp-json\/wp\/v2\/media\/325304"}],"wp:attachment":[{"href":"https:\/\/www.salzburgerheimatwerk.at\/en\/wp-json\/wp\/v2\/media?parent=293169"}],"wp:term":[{"taxonomy":"product_brand","embeddable":true,"href":"https:\/\/www.salzburgerheimatwerk.at\/en\/wp-json\/wp\/v2\/product_brand?post=293169"},{"taxonomy":"product_cat","embeddable":true,"href":"https:\/\/www.salzburgerheimatwerk.at\/en\/wp-json\/wp\/v2\/product_cat?post=293169"},{"taxonomy":"product_tag","embeddable":true,"href":"https:\/\/www.salzburgerheimatwerk.at\/en\/wp-json\/wp\/v2\/product_tag?post=293169"}],"curies":[{"name":"wp","href":"https:\/\/api.w.org\/{rel}","templated":true}]}}