{"id":293178,"date":"2023-03-27T08:16:30","date_gmt":"2023-03-27T06:16:30","guid":{"rendered":"https:\/\/www.salzburgerheimatwerk.at\/produkt\/lederjacke-aus-lammvelourin-mauve\/"},"modified":"2026-04-28T18:21:12","modified_gmt":"2026-04-28T16:21:12","slug":"lederjacke-aus-lammvelourin-mauve","status":"publish","type":"product","link":"https:\/\/www.salzburgerheimatwerk.at\/en\/produkt\/lederjacke-aus-lammvelourin-mauve\/","title":{"rendered":"Lederjacke aus Lammvelour in mauve"},"content":{"rendered":"<p>Trachten-Lederjacke in der Farbe Mauve. Das Modell mit hochelastischem Stretchleder zeichnet sich in seiner Passform durch den taillierten und leicht verk\u00fcrzten Schnitt aus. Das hochwertige Lammveloursleder verleiht der Lederjacke eine elegante und sportliche Note zugleich. Die farblich abgestimmten Paspelierungen am Stehkragen und Saum sowie goldene Rei\u00dfverschl\u00fcsse an \u00c4rmelenden und als Verschluss setzen einen edlen, modernen Akzent. Die figurbetonte Passform wird durch ein Sch\u00f6\u00dfchen auf der R\u00fcckseite unterhalb der Taille unterstrichen.<\/p>\n","protected":false},"excerpt":{"rendered":"<p>Trachten-Lederjacke in der Farbe Mauve. Das Modell mit hochelastischem Stretchleder zeichnet sich in seiner Passform durch den taillierten und leicht verk\u00fcrzten Schnitt aus. Das&#8230;<\/p>\n","protected":false},"featured_media":325311,"template":"","meta":{"_acf_changed":false},"product_brand":[],"product_cat":[304,48,1098],"product_tag":[1923],"class_list":{"0":"post-293178","1":"product","2":"type-product","3":"status-publish","4":"has-post-thumbnail","6":"pricegroup-202","7":"pricegroup-374","8":"productgroup-204","9":"productgroup-375","10":"product_cat-jacken-maentel-damentracht","11":"product_cat-damentracht","12":"product_cat-blazer","13":"product_tag-lederjacke","14":"pa_farbe-lila","16":"first","17":"instock","18":"taxable","19":"shipping-taxable","20":"purchasable","21":"product-type-variable","22":"has-default-attributes"},"acf":[],"jetpack_sharing_enabled":true,"_links":{"self":[{"href":"https:\/\/www.salzburgerheimatwerk.at\/en\/wp-json\/wp\/v2\/product\/293178","targetHints":{"allow":["GET"]}}],"collection":[{"href":"https:\/\/www.salzburgerheimatwerk.at\/en\/wp-json\/wp\/v2\/product"}],"about":[{"href":"https:\/\/www.salzburgerheimatwerk.at\/en\/wp-json\/wp\/v2\/types\/product"}],"wp:featuredmedia":[{"embeddable":true,"href":"https:\/\/www.salzburgerheimatwerk.at\/en\/wp-json\/wp\/v2\/media\/325311"}],"wp:attachment":[{"href":"https:\/\/www.salzburgerheimatwerk.at\/en\/wp-json\/wp\/v2\/media?parent=293178"}],"wp:term":[{"taxonomy":"product_brand","embeddable":true,"href":"https:\/\/www.salzburgerheimatwerk.at\/en\/wp-json\/wp\/v2\/product_brand?post=293178"},{"taxonomy":"product_cat","embeddable":true,"href":"https:\/\/www.salzburgerheimatwerk.at\/en\/wp-json\/wp\/v2\/product_cat?post=293178"},{"taxonomy":"product_tag","embeddable":true,"href":"https:\/\/www.salzburgerheimatwerk.at\/en\/wp-json\/wp\/v2\/product_tag?post=293178"}],"curies":[{"name":"wp","href":"https:\/\/api.w.org\/{rel}","templated":true}]}}