{"id":293841,"date":"2023-05-04T08:16:46","date_gmt":"2023-05-04T06:16:46","guid":{"rendered":"https:\/\/www.salzburgerheimatwerk.at\/produkt\/blusenkleid-karamell\/"},"modified":"2026-04-28T18:23:08","modified_gmt":"2026-04-28T16:23:08","slug":"blusenkleid-karamell","status":"publish","type":"product","link":"https:\/\/www.salzburgerheimatwerk.at\/en\/produkt\/blusenkleid-karamell\/","title":{"rendered":"Blusenkleid Karamell"},"content":{"rendered":"<p>Dieses Blusenkleid ist ebenfalls als Pfoad zum Schl\u00fcpfen geschnitten. Das Ziel war es, eine luftige, sommerliche Alternative zum Dirndl zu finden. Die Passform ist sehr ansprechend &#8211; im Zweifel \u2013 sollten Sie zwischen zwei Gr\u00f6\u00dfen liegen \u2013passt eher die Kleinere. Das Kleid hat seitlich Taschen, die unauff\u00e4llig in die Naht eingearbeitet sind. Au\u00dferdem kommt es mit einem G\u00fcrtel im gleichen Stoff. Alternativ k\u00f6nnen auch andere G\u00fcrtel dazukombiniert werden.<\/p>\n<p>Das Kleid ist aus einem herrlichen Leinenbaumwollgemisch gefertigt und wurde nachhaltig produziert.<\/p>\n","protected":false},"excerpt":{"rendered":"<p>Dieses Blusenkleid ist ebenfalls als Pfoad zum Schl\u00fcpfen geschnitten. Das Ziel war es, eine luftige, sommerliche Alternative zum Dirndl zu finden. Die Passform ist&#8230;<\/p>\n","protected":false},"featured_media":325370,"template":"","meta":{"_acf_changed":false},"product_brand":[],"product_cat":[48,49],"product_tag":[1948],"class_list":{"0":"post-293841","1":"product","2":"type-product","3":"status-publish","4":"has-post-thumbnail","6":"pricegroup-298","7":"pricegroup-202","8":"productgroup-204","9":"productgroup-299","10":"product_cat-damentracht","11":"product_cat-dirndl-kleider","12":"product_tag-blusenkleid-leinen-baumwolle","13":"pa_farbe-braun","15":"first","16":"instock","17":"taxable","18":"shipping-taxable","19":"purchasable","20":"product-type-variable","21":"has-default-attributes"},"acf":[],"jetpack_sharing_enabled":true,"_links":{"self":[{"href":"https:\/\/www.salzburgerheimatwerk.at\/en\/wp-json\/wp\/v2\/product\/293841","targetHints":{"allow":["GET"]}}],"collection":[{"href":"https:\/\/www.salzburgerheimatwerk.at\/en\/wp-json\/wp\/v2\/product"}],"about":[{"href":"https:\/\/www.salzburgerheimatwerk.at\/en\/wp-json\/wp\/v2\/types\/product"}],"wp:featuredmedia":[{"embeddable":true,"href":"https:\/\/www.salzburgerheimatwerk.at\/en\/wp-json\/wp\/v2\/media\/325370"}],"wp:attachment":[{"href":"https:\/\/www.salzburgerheimatwerk.at\/en\/wp-json\/wp\/v2\/media?parent=293841"}],"wp:term":[{"taxonomy":"product_brand","embeddable":true,"href":"https:\/\/www.salzburgerheimatwerk.at\/en\/wp-json\/wp\/v2\/product_brand?post=293841"},{"taxonomy":"product_cat","embeddable":true,"href":"https:\/\/www.salzburgerheimatwerk.at\/en\/wp-json\/wp\/v2\/product_cat?post=293841"},{"taxonomy":"product_tag","embeddable":true,"href":"https:\/\/www.salzburgerheimatwerk.at\/en\/wp-json\/wp\/v2\/product_tag?post=293841"}],"curies":[{"name":"wp","href":"https:\/\/api.w.org\/{rel}","templated":true}]}}