{"id":293917,"date":"2023-05-05T08:20:28","date_gmt":"2023-05-05T06:20:28","guid":{"rendered":"https:\/\/www.salzburgerheimatwerk.at\/produkt\/klassische-jaegerleinenjacke\/"},"modified":"2026-05-01T02:23:13","modified_gmt":"2026-05-01T00:23:13","slug":"klassische-jaegerleinenjacke","status":"publish","type":"product","link":"https:\/\/www.salzburgerheimatwerk.at\/en\/produkt\/klassische-jaegerleinenjacke\/","title":{"rendered":"J\u00e4gerleinen Joppe mit Tragoner"},"content":{"rendered":"<p>Zeitloses Herrensakko in klassischem J\u00e4gerleinen und Hirschhornkn\u00f6pfen. Eingefasst Stehkragen, Knopflochleiste, Eingrifftaschen, Tragoner in dunkelgr\u00fcnem Loden. Passend zur Lederhose, Jean oder jeglicher Stoffhose. Das Sakko ist komplett unterf\u00fcttert und hochwertigst verarbeitet.<\/p>\n","protected":false},"excerpt":{"rendered":"<p>Zeitloses Herrensakko in klassischem J\u00e4gerleinen und Hirschhornkn\u00f6pfen. Eingefasst Stehkragen, Knopflochleiste, Eingrifftaschen, Tragoner in dunkelgr\u00fcnem Loden. Passend zur Lederhose, Jean oder jeglicher Stoffhose. Das Sakko&#8230;<\/p>\n","protected":false},"featured_media":343408,"template":"","meta":{"_acf_changed":false},"product_brand":[],"product_cat":[61,1222,59],"product_tag":[1882],"class_list":{"0":"post-293917","1":"product","2":"type-product","3":"status-publish","4":"has-post-thumbnail","6":"pricegroup-166","7":"pricegroup-850","8":"productgroup-174","9":"productgroup-851","10":"product_cat-jacken-maentel","11":"product_cat-sakko","12":"product_cat-herrentracht","13":"product_tag-herrenjoppe","14":"pa_farbe-beige","16":"first","17":"outofstock","18":"taxable","19":"shipping-taxable","20":"product-type-variable","21":"has-default-attributes"},"acf":[],"jetpack_sharing_enabled":true,"_links":{"self":[{"href":"https:\/\/www.salzburgerheimatwerk.at\/en\/wp-json\/wp\/v2\/product\/293917","targetHints":{"allow":["GET"]}}],"collection":[{"href":"https:\/\/www.salzburgerheimatwerk.at\/en\/wp-json\/wp\/v2\/product"}],"about":[{"href":"https:\/\/www.salzburgerheimatwerk.at\/en\/wp-json\/wp\/v2\/types\/product"}],"wp:featuredmedia":[{"embeddable":true,"href":"https:\/\/www.salzburgerheimatwerk.at\/en\/wp-json\/wp\/v2\/media\/343408"}],"wp:attachment":[{"href":"https:\/\/www.salzburgerheimatwerk.at\/en\/wp-json\/wp\/v2\/media?parent=293917"}],"wp:term":[{"taxonomy":"product_brand","embeddable":true,"href":"https:\/\/www.salzburgerheimatwerk.at\/en\/wp-json\/wp\/v2\/product_brand?post=293917"},{"taxonomy":"product_cat","embeddable":true,"href":"https:\/\/www.salzburgerheimatwerk.at\/en\/wp-json\/wp\/v2\/product_cat?post=293917"},{"taxonomy":"product_tag","embeddable":true,"href":"https:\/\/www.salzburgerheimatwerk.at\/en\/wp-json\/wp\/v2\/product_tag?post=293917"}],"curies":[{"name":"wp","href":"https:\/\/api.w.org\/{rel}","templated":true}]}}