{"id":293939,"date":"2023-05-05T08:20:32","date_gmt":"2023-05-05T06:20:32","guid":{"rendered":"https:\/\/www.salzburgerheimatwerk.at\/produkt\/dirndl-mit-edler-handstickerei\/"},"modified":"2026-04-28T18:23:10","modified_gmt":"2026-04-28T16:23:10","slug":"dirndl-mit-edler-handstickerei","status":"publish","type":"product","link":"https:\/\/www.salzburgerheimatwerk.at\/en\/produkt\/dirndl-mit-edler-handstickerei\/","title":{"rendered":"Heimatwerk Dirndl mit Handstickerei"},"content":{"rendered":"<p>Wundersch\u00f6nes Festtagsdirndl im Abn\u00e4herschnitt in beige. Edle Handstickerei in 3-D Optik am Ausschnitt sowie am R\u00fccken verleihen dem Kleid eine feine Eleganz. Oberteil aus Leinen, Rockstoff in Falten gelegt, Seidensch\u00fcrze. Mit diesem Dirndl sind Sie bei jeder Veranstaltung perfekt gekleidet.<\/p>\n","protected":false},"excerpt":{"rendered":"<p>Wundersch\u00f6nes Festtagsdirndl im Abn\u00e4herschnitt in beige. Edle Handstickerei in 3-D Optik am Ausschnitt sowie am R\u00fccken verleihen dem Kleid eine feine Eleganz. Oberteil aus&#8230;<\/p>\n","protected":false},"featured_media":329335,"template":"","meta":{"_acf_changed":false},"product_brand":[],"product_cat":[48,49],"product_tag":[1950],"class_list":{"0":"post-293939","1":"product","2":"type-product","3":"status-publish","4":"has-post-thumbnail","6":"pricegroup-202","7":"pricegroup-312","8":"productgroup-204","9":"productgroup-313","10":"product_cat-damentracht","11":"product_cat-dirndl-kleider","12":"product_tag-dirndl-m-handstickerei","13":"pa_farbe-beige","15":"first","16":"instock","17":"taxable","18":"shipping-taxable","19":"purchasable","20":"product-type-variable","21":"has-default-attributes"},"acf":[],"jetpack_sharing_enabled":true,"_links":{"self":[{"href":"https:\/\/www.salzburgerheimatwerk.at\/en\/wp-json\/wp\/v2\/product\/293939","targetHints":{"allow":["GET"]}}],"collection":[{"href":"https:\/\/www.salzburgerheimatwerk.at\/en\/wp-json\/wp\/v2\/product"}],"about":[{"href":"https:\/\/www.salzburgerheimatwerk.at\/en\/wp-json\/wp\/v2\/types\/product"}],"wp:featuredmedia":[{"embeddable":true,"href":"https:\/\/www.salzburgerheimatwerk.at\/en\/wp-json\/wp\/v2\/media\/329335"}],"wp:attachment":[{"href":"https:\/\/www.salzburgerheimatwerk.at\/en\/wp-json\/wp\/v2\/media?parent=293939"}],"wp:term":[{"taxonomy":"product_brand","embeddable":true,"href":"https:\/\/www.salzburgerheimatwerk.at\/en\/wp-json\/wp\/v2\/product_brand?post=293939"},{"taxonomy":"product_cat","embeddable":true,"href":"https:\/\/www.salzburgerheimatwerk.at\/en\/wp-json\/wp\/v2\/product_cat?post=293939"},{"taxonomy":"product_tag","embeddable":true,"href":"https:\/\/www.salzburgerheimatwerk.at\/en\/wp-json\/wp\/v2\/product_tag?post=293939"}],"curies":[{"name":"wp","href":"https:\/\/api.w.org\/{rel}","templated":true}]}}