{"id":294081,"date":"2023-05-10T08:20:41","date_gmt":"2023-05-10T06:20:41","guid":{"rendered":"https:\/\/www.salzburgerheimatwerk.at\/produkt\/hirschlederhose-rauchschwarz\/"},"modified":"2026-04-28T18:23:08","modified_gmt":"2026-04-28T16:23:08","slug":"hirschlederhose-rauchschwarz","status":"publish","type":"product","link":"https:\/\/www.salzburgerheimatwerk.at\/en\/produkt\/hirschlederhose-rauchschwarz\/","title":{"rendered":"Hirschlederhose Kaiser rauchschwarz"},"content":{"rendered":"<p>Hochwertige s\u00e4misch gegerbte dunkle Hirschlederhose, klassisch und elegant. Die Beinenden sind jeweils mit hochwertigen B\u00fcffelhornkn\u00f6pfe versehen. Auf der R\u00fcckseite befindet sich eine Tellernaht. Zwei vordere Eingrifftaschen, G\u00fcrtelschlaufen und Messertasche machen diese Lederhose mit zartem gr\u00fcnen Stick zu etwas besonderen.<\/p>\n","protected":false},"excerpt":{"rendered":"<p>Hochwertige s\u00e4misch gegerbte dunkle Hirschlederhose, klassisch und elegant. Die Beinenden sind jeweils mit hochwertigen B\u00fcffelhornkn\u00f6pfe versehen. Auf der R\u00fcckseite befindet sich eine Tellernaht. Zwei&#8230;<\/p>\n","protected":false},"featured_media":343363,"template":"","meta":{"_acf_changed":false},"product_brand":[],"product_cat":[59,178],"product_tag":[197],"class_list":{"0":"post-294081","1":"product","2":"type-product","3":"status-publish","4":"has-post-thumbnail","6":"pricegroup-166","7":"pricegroup-168","8":"productgroup-174","9":"productgroup-176","10":"product_cat-herrentracht","11":"product_cat-hosen","12":"product_tag-hirschlederhose","13":"pa_farbe-schwarz","15":"first","16":"instock","17":"taxable","18":"shipping-taxable","19":"purchasable","20":"product-type-variable","21":"has-default-attributes"},"acf":[],"jetpack_sharing_enabled":true,"_links":{"self":[{"href":"https:\/\/www.salzburgerheimatwerk.at\/en\/wp-json\/wp\/v2\/product\/294081","targetHints":{"allow":["GET"]}}],"collection":[{"href":"https:\/\/www.salzburgerheimatwerk.at\/en\/wp-json\/wp\/v2\/product"}],"about":[{"href":"https:\/\/www.salzburgerheimatwerk.at\/en\/wp-json\/wp\/v2\/types\/product"}],"wp:featuredmedia":[{"embeddable":true,"href":"https:\/\/www.salzburgerheimatwerk.at\/en\/wp-json\/wp\/v2\/media\/343363"}],"wp:attachment":[{"href":"https:\/\/www.salzburgerheimatwerk.at\/en\/wp-json\/wp\/v2\/media?parent=294081"}],"wp:term":[{"taxonomy":"product_brand","embeddable":true,"href":"https:\/\/www.salzburgerheimatwerk.at\/en\/wp-json\/wp\/v2\/product_brand?post=294081"},{"taxonomy":"product_cat","embeddable":true,"href":"https:\/\/www.salzburgerheimatwerk.at\/en\/wp-json\/wp\/v2\/product_cat?post=294081"},{"taxonomy":"product_tag","embeddable":true,"href":"https:\/\/www.salzburgerheimatwerk.at\/en\/wp-json\/wp\/v2\/product_tag?post=294081"}],"curies":[{"name":"wp","href":"https:\/\/api.w.org\/{rel}","templated":true}]}}