{"id":294167,"date":"2023-05-10T08:22:40","date_gmt":"2023-05-10T06:22:40","guid":{"rendered":"https:\/\/www.salzburgerheimatwerk.at\/produkt\/herrenweste-mit-revers\/"},"modified":"2026-04-28T18:23:09","modified_gmt":"2026-04-28T16:23:09","slug":"herrenweste-mit-revers","status":"publish","type":"product","link":"https:\/\/www.salzburgerheimatwerk.at\/en\/produkt\/herrenweste-mit-revers\/","title":{"rendered":"Herrenweste mit Revers"},"content":{"rendered":"<p>Eine Weste aus Leinen ideal f\u00fcr den Sommer und hei\u00dfe Abende auf dem Tanzboden.  Das kleine rundgeb\u00fcgelte Revers rundet das Bild ab.<\/p>\n","protected":false},"excerpt":{"rendered":"<p>Eine Weste aus Leinen ideal f\u00fcr den Sommer und hei\u00dfe Abende auf dem Tanzboden.  Das kleine rundgeb\u00fcgelte Revers rundet das Bild&#8230;<\/p>\n","protected":false},"featured_media":343413,"template":"","meta":{"_acf_changed":false},"product_brand":[],"product_cat":[59,63],"product_tag":[821],"class_list":{"0":"post-294167","1":"product","2":"type-product","3":"status-publish","4":"has-post-thumbnail","6":"pricegroup-166","7":"pricegroup-817","8":"productgroup-174","9":"productgroup-818","10":"product_cat-herrentracht","11":"product_cat-westen","12":"product_tag-herrenweste","13":"pa_farbe-oliv","15":"first","16":"instock","17":"taxable","18":"shipping-taxable","19":"purchasable","20":"product-type-variable","21":"has-default-attributes"},"acf":[],"jetpack_sharing_enabled":true,"_links":{"self":[{"href":"https:\/\/www.salzburgerheimatwerk.at\/en\/wp-json\/wp\/v2\/product\/294167","targetHints":{"allow":["GET"]}}],"collection":[{"href":"https:\/\/www.salzburgerheimatwerk.at\/en\/wp-json\/wp\/v2\/product"}],"about":[{"href":"https:\/\/www.salzburgerheimatwerk.at\/en\/wp-json\/wp\/v2\/types\/product"}],"wp:featuredmedia":[{"embeddable":true,"href":"https:\/\/www.salzburgerheimatwerk.at\/en\/wp-json\/wp\/v2\/media\/343413"}],"wp:attachment":[{"href":"https:\/\/www.salzburgerheimatwerk.at\/en\/wp-json\/wp\/v2\/media?parent=294167"}],"wp:term":[{"taxonomy":"product_brand","embeddable":true,"href":"https:\/\/www.salzburgerheimatwerk.at\/en\/wp-json\/wp\/v2\/product_brand?post=294167"},{"taxonomy":"product_cat","embeddable":true,"href":"https:\/\/www.salzburgerheimatwerk.at\/en\/wp-json\/wp\/v2\/product_cat?post=294167"},{"taxonomy":"product_tag","embeddable":true,"href":"https:\/\/www.salzburgerheimatwerk.at\/en\/wp-json\/wp\/v2\/product_tag?post=294167"}],"curies":[{"name":"wp","href":"https:\/\/api.w.org\/{rel}","templated":true}]}}