{"id":294314,"date":"2023-05-21T08:17:00","date_gmt":"2023-05-21T06:17:00","guid":{"rendered":"https:\/\/www.salzburgerheimatwerk.at\/produkt\/herrenjacke-ungefuettert\/"},"modified":"2026-04-28T18:23:09","modified_gmt":"2026-04-28T16:23:09","slug":"herrenjacke-ungefuettert","status":"publish","type":"product","link":"https:\/\/www.salzburgerheimatwerk.at\/en\/produkt\/herrenjacke-ungefuettert\/","title":{"rendered":"Herrenjacke ungef\u00fcttert"},"content":{"rendered":"<p>Dieses Herrensakko passt perfekt zu Lederhose und klassischer Hose. Einen hohen Tragekomfort bietet diese Jacke durch eine Mischung von Schurwolle, Viskose und Seide &#8211; und dadurch knitterfrei. Leichtes ungef\u00fcttertes Sommersakko mit leicht tailliertem Schnitt. R\u00fcckw\u00e4rts mit einem Tragoner und Stick am kontrastfarbigen Stehkragen.<\/p>\n","protected":false},"excerpt":{"rendered":"<p>Dieses Herrensakko passt perfekt zu Lederhose und klassischer Hose. Einen hohen Tragekomfort bietet diese Jacke durch eine Mischung von Schurwolle, Viskose und Seide -&#8230;<\/p>\n","protected":false},"featured_media":343394,"template":"","meta":{"_acf_changed":false},"product_brand":[],"product_cat":[59,61,1222],"product_tag":[853],"class_list":{"0":"post-294314","1":"product","2":"type-product","3":"status-publish","4":"has-post-thumbnail","6":"pricegroup-166","7":"pricegroup-850","8":"productgroup-174","9":"productgroup-851","10":"product_cat-herrentracht","11":"product_cat-jacken-maentel","12":"product_cat-sakko","13":"product_tag-herrenjacke","14":"pa_farbe-grau","16":"first","17":"instock","18":"taxable","19":"shipping-taxable","20":"purchasable","21":"product-type-variable","22":"has-default-attributes"},"acf":[],"jetpack_sharing_enabled":true,"_links":{"self":[{"href":"https:\/\/www.salzburgerheimatwerk.at\/en\/wp-json\/wp\/v2\/product\/294314","targetHints":{"allow":["GET"]}}],"collection":[{"href":"https:\/\/www.salzburgerheimatwerk.at\/en\/wp-json\/wp\/v2\/product"}],"about":[{"href":"https:\/\/www.salzburgerheimatwerk.at\/en\/wp-json\/wp\/v2\/types\/product"}],"wp:featuredmedia":[{"embeddable":true,"href":"https:\/\/www.salzburgerheimatwerk.at\/en\/wp-json\/wp\/v2\/media\/343394"}],"wp:attachment":[{"href":"https:\/\/www.salzburgerheimatwerk.at\/en\/wp-json\/wp\/v2\/media?parent=294314"}],"wp:term":[{"taxonomy":"product_brand","embeddable":true,"href":"https:\/\/www.salzburgerheimatwerk.at\/en\/wp-json\/wp\/v2\/product_brand?post=294314"},{"taxonomy":"product_cat","embeddable":true,"href":"https:\/\/www.salzburgerheimatwerk.at\/en\/wp-json\/wp\/v2\/product_cat?post=294314"},{"taxonomy":"product_tag","embeddable":true,"href":"https:\/\/www.salzburgerheimatwerk.at\/en\/wp-json\/wp\/v2\/product_tag?post=294314"}],"curies":[{"name":"wp","href":"https:\/\/api.w.org\/{rel}","templated":true}]}}