{"id":294372,"date":"2023-05-21T08:18:26","date_gmt":"2023-05-21T06:18:26","guid":{"rendered":"https:\/\/www.salzburgerheimatwerk.at\/produkt\/ledershort-ziegenvelour\/"},"modified":"2026-04-28T21:23:10","modified_gmt":"2026-04-28T19:23:10","slug":"ledershort-ziegenvelour","status":"publish","type":"product","link":"https:\/\/www.salzburgerheimatwerk.at\/en\/produkt\/ledershort-ziegenvelour\/","title":{"rendered":"Ledershort Ziegenvelour"},"content":{"rendered":"<p>L\u00e4ssige Ziegenlederhose in Bermuda Form mit Stulpen.Cool f\u00fcr Freizeit und auch zum Wandern.Das Ziegenleder wirkt k\u00fchlend auf der Haut und ist atmungsaktiv. Und die Lederhose schaut zus\u00e4tzlich super stylisch aus.<\/p>\n","protected":false},"excerpt":{"rendered":"<p>L\u00e4ssige Ziegenlederhose in Bermuda Form mit Stulpen.Cool f\u00fcr Freizeit und auch zum Wandern.Das Ziegenleder wirkt k\u00fchlend auf der Haut und ist atmungsaktiv. Und die&#8230;<\/p>\n","protected":false},"featured_media":343416,"template":"","meta":{"_acf_changed":false},"product_brand":[],"product_cat":[59,178],"product_tag":[1967],"class_list":{"0":"post-294372","1":"product","2":"type-product","3":"status-publish","4":"has-post-thumbnail","6":"pricegroup-166","7":"pricegroup-168","8":"productgroup-174","9":"productgroup-176","10":"product_cat-herrentracht","11":"product_cat-hosen","12":"product_tag-ledershort","13":"pa_farbe-braun","15":"first","16":"instock","17":"taxable","18":"shipping-taxable","19":"purchasable","20":"product-type-variable","21":"has-default-attributes"},"acf":[],"jetpack_sharing_enabled":true,"_links":{"self":[{"href":"https:\/\/www.salzburgerheimatwerk.at\/en\/wp-json\/wp\/v2\/product\/294372","targetHints":{"allow":["GET"]}}],"collection":[{"href":"https:\/\/www.salzburgerheimatwerk.at\/en\/wp-json\/wp\/v2\/product"}],"about":[{"href":"https:\/\/www.salzburgerheimatwerk.at\/en\/wp-json\/wp\/v2\/types\/product"}],"wp:featuredmedia":[{"embeddable":true,"href":"https:\/\/www.salzburgerheimatwerk.at\/en\/wp-json\/wp\/v2\/media\/343416"}],"wp:attachment":[{"href":"https:\/\/www.salzburgerheimatwerk.at\/en\/wp-json\/wp\/v2\/media?parent=294372"}],"wp:term":[{"taxonomy":"product_brand","embeddable":true,"href":"https:\/\/www.salzburgerheimatwerk.at\/en\/wp-json\/wp\/v2\/product_brand?post=294372"},{"taxonomy":"product_cat","embeddable":true,"href":"https:\/\/www.salzburgerheimatwerk.at\/en\/wp-json\/wp\/v2\/product_cat?post=294372"},{"taxonomy":"product_tag","embeddable":true,"href":"https:\/\/www.salzburgerheimatwerk.at\/en\/wp-json\/wp\/v2\/product_tag?post=294372"}],"curies":[{"name":"wp","href":"https:\/\/api.w.org\/{rel}","templated":true}]}}