{"id":294613,"date":"2023-06-03T08:16:19","date_gmt":"2023-06-03T06:16:19","guid":{"rendered":"https:\/\/www.salzburgerheimatwerk.at\/produkt\/dirndlbluse-leandra\/"},"modified":"2026-04-28T18:21:11","modified_gmt":"2026-04-28T16:21:11","slug":"dirndlbluse-leandra","status":"publish","type":"product","link":"https:\/\/www.salzburgerheimatwerk.at\/en\/produkt\/dirndlbluse-leandra\/","title":{"rendered":"Dirndlbluse Leandra"},"content":{"rendered":"<p>Material:<br \/>\nFarbe: wei\u00df<br \/>\n100% Baumwolle<\/p>\n<p>Details:<br \/>\n+ tiefer Ausschnitt, ger\u00fcscht mit Zierspitze an Ausschnitt<br \/>\n+ kurze Knopfleiste vorne<br \/>\n+ kurzer Puff\u00e4rmel mit breiter Spitze an Abschluss<br \/>\n+ dezenter V-Ausschnitt in R\u00fcckenteil<\/p>\n<p>Passform:<br \/>\n+ anliegend an Oberk\u00f6rper<br \/>\n+ Gummizug an Taille f\u00fcr den perfekten halt<br \/>\n+ ideale Passform<\/p>\n","protected":false},"excerpt":{"rendered":"<p>Material: Farbe: wei\u00df 100% Baumwolle  Details: + tiefer Ausschnitt, ger\u00fcscht mit Zierspitze an Ausschnitt + kurze Knopfleiste vorne + kurzer Puff\u00e4rmel mit breiter&#8230;<\/p>\n","protected":false},"featured_media":325276,"template":"","meta":{"_acf_changed":false},"product_brand":[],"product_cat":[48,52],"product_tag":[827],"class_list":{"0":"post-294613","1":"product","2":"type-product","3":"status-publish","4":"has-post-thumbnail","6":"pricegroup-202","7":"pricegroup-822","8":"productgroup-204","9":"productgroup-823","10":"product_cat-damentracht","11":"product_cat-blusen-shirts","12":"product_tag-dirndlbluse","14":"first","15":"instock","16":"taxable","17":"shipping-taxable","18":"purchasable","19":"product-type-variable","20":"has-default-attributes"},"acf":[],"jetpack_sharing_enabled":true,"_links":{"self":[{"href":"https:\/\/www.salzburgerheimatwerk.at\/en\/wp-json\/wp\/v2\/product\/294613","targetHints":{"allow":["GET"]}}],"collection":[{"href":"https:\/\/www.salzburgerheimatwerk.at\/en\/wp-json\/wp\/v2\/product"}],"about":[{"href":"https:\/\/www.salzburgerheimatwerk.at\/en\/wp-json\/wp\/v2\/types\/product"}],"wp:featuredmedia":[{"embeddable":true,"href":"https:\/\/www.salzburgerheimatwerk.at\/en\/wp-json\/wp\/v2\/media\/325276"}],"wp:attachment":[{"href":"https:\/\/www.salzburgerheimatwerk.at\/en\/wp-json\/wp\/v2\/media?parent=294613"}],"wp:term":[{"taxonomy":"product_brand","embeddable":true,"href":"https:\/\/www.salzburgerheimatwerk.at\/en\/wp-json\/wp\/v2\/product_brand?post=294613"},{"taxonomy":"product_cat","embeddable":true,"href":"https:\/\/www.salzburgerheimatwerk.at\/en\/wp-json\/wp\/v2\/product_cat?post=294613"},{"taxonomy":"product_tag","embeddable":true,"href":"https:\/\/www.salzburgerheimatwerk.at\/en\/wp-json\/wp\/v2\/product_tag?post=294613"}],"curies":[{"name":"wp","href":"https:\/\/api.w.org\/{rel}","templated":true}]}}